{"id":11,"date":"2018-05-29T11:12:41","date_gmt":"2018-05-29T11:12:41","guid":{"rendered":"http:\/\/xtratheme.com\/default\/?page_id=11"},"modified":"2020-02-14T04:32:47","modified_gmt":"2020-02-14T01:32:47","slug":"hizmetlerimiz","status":"publish","type":"page","link":"https:\/\/salutemosgb.com.tr\/?page_id=11","title":{"rendered":"Hizmetlerimiz"},"content":{"rendered":"<p>[vc_row][vc_column]<div class=\"cz_gap clr  hide_on_mobile\" style=\"height: 50px\"><\/div><div class=\"cz_gap show_on_mobile clr\" style=\"height: 0px\"><\/div>[\/vc_column][\/vc_row][vc_row][vc_column]<div id=\"cz_44288\" class=\"cz_44288 cz_title clr cz_smart_fs cz_title_pos_inline tac\"><div class=\"cz_title_content\"><div class=\"cz_wpe_content\"><p style=\"text-align: center;\"><span style=\"font-size: 18px; color: #666666;\">-Neler Yap\u0131yoruz-<\/span><\/p>\n<h3 style=\"line-height: 1.3; text-align: center;\"><span style=\"font-size: 38px;\">T\u00fcm <span style=\"color: #b61218;\">Hizmetlerimiz<\/span><\/span><\/h3>\n<p style=\"text-align: center;\"><span style=\"color: #aaaaaa; font-size: 20px;\">G\u00fcvenli \u00e7al\u0131\u015fma ko\u015fullar\u0131 ve sa\u011fl\u0131kl\u0131 bir i\u015fyeri i\u00e7in size sundu\u011fumuz hizmetlerimiz a\u015fa\u011f\u0131dad\u0131r<\/span><\/p>\n<\/div><\/div><\/div>[\/vc_column][\/vc_row][vc_row][vc_column]<div class=\"cz_gap clr \" style=\"height: 60px\"><\/div>[\/vc_column][\/vc_row][vc_row][vc_column offset=&#8221;vc_col-md-4&#8243;]<a href=\"#\"><div id=\"cz_74975\" class=\"cz_74975 services clr style1 cz_sbi_fx_10 services_b\"><div class=\"service_custom\"><i class=\"fa czico-024-security-badge\"><\/i><\/div><div class=\"service_text\"><h3>\u0130\u015e G\u00dcVENL\u0130\u011e\u0130 UZMANLIK H\u0130ZMETLER\u0130<\/h3><div class=\"cz_wpe_content\"><\/div><\/div><\/div><\/a><div class=\"cz_gap clr \" style=\"height: 50px\"><\/div>[\/vc_column][vc_column offset=&#8221;vc_col-md-4&#8243;]<a href=\"#\"><div id=\"cz_96209\" class=\"cz_96209 services clr style1 cz_sbi_fx_10 services_b\"><div class=\"service_custom\"><i class=\"fas fa-stethoscope\"><\/i><\/div><div class=\"service_text\"><h3>\u0130\u015eYER\u0130 HEK\u0130ML\u0130\u011e\u0130 H\u0130ZMETLER\u0130<\/h3><div class=\"cz_wpe_content\"><\/div><\/div><\/div><\/a><div class=\"cz_gap clr \" style=\"height: 50px\"><\/div>[\/vc_column][vc_column offset=&#8221;vc_col-md-4&#8243;]<div id=\"cz_76089\" class=\"cz_76089 services clr style1 cz_sbi_fx_10 services_b\"><div class=\"service_custom\"><i class=\"fas fa-book-reader\"><\/i><\/div><div class=\"service_text\"><h3>E\u011e\u0130T\u0130M H\u0130ZMETLER\u0130<\/h3><div class=\"cz_wpe_content\"><\/div><\/div><\/div><div class=\"cz_gap clr \" style=\"height: 60px\"><\/div>[\/vc_column][\/vc_row][vc_row][vc_column offset=&#8221;vc_col-md-4&#8243;]<div id=\"cz_106293\" class=\"cz_106293 services clr style1 cz_sbi_fx_10 services_b\"><div class=\"service_custom\"><i class=\"fa czico-055-conversation\"><\/i><\/div><div class=\"service_text\"><h3>RAPORLAMA VE DANI\u015eMANLIK H\u0130ZMETLER\u0130<\/h3><div class=\"cz_wpe_content\"><\/div><\/div><\/div><div class=\"cz_gap clr \" style=\"height: 50px\"><\/div>[\/vc_column][vc_column offset=&#8221;vc_col-md-4&#8243;]<div id=\"cz_71945\" class=\"cz_71945 services clr style1 cz_sbi_fx_10 services_b\"><div class=\"service_custom\"><i class=\"fas fa-project-diagram\"><\/i><\/div><div class=\"service_text\"><h3>Y\u00d6NET\u0130M S\u0130STEMLER\u0130 H\u0130ZMETLER\u0130<\/h3><div class=\"cz_wpe_content\"><\/div><\/div><\/div><div class=\"cz_gap clr \" style=\"height: 50px\"><\/div>[\/vc_column][vc_column offset=&#8221;vc_col-md-4&#8243;]<a href=\"#\"><div id=\"cz_26076\" class=\"cz_26076 services clr style1 cz_sbi_fx_10 services_b\"><div class=\"service_custom\"><i class=\"fab fa-wpforms\"><\/i><\/div><div class=\"service_text\"><h3>TEKL\u0130F ALIN<\/h3><div class=\"cz_wpe_content\"><span style=\"color: #e4e4e6;\">Hizmetlerimizle ilgili detayl\u0131 bilgi ve teklif almak i\u00e7in t\u0131klay\u0131n<\/span><\/div><\/div><\/div><\/a>[\/vc_column][\/vc_row][vc_row disable_element=&#8221;yes&#8221;][vc_column]<div class=\"cz_gap clr  hide_on_mobile\" style=\"height: 140px\"><\/div><div class=\"cz_gap show_on_mobile clr\" style=\"height: 80px\"><\/div>[\/vc_column][\/vc_row][vc_row full_width=&#8221;stretch_row&#8221; disable_element=&#8221;yes&#8221; css=&#8221;.vc_custom_1581643851181{padding-top: 120px !important;padding-bottom: 120px !important;background: #1c1c1c url(https:\/\/salutemosgb.com.tr\/wp-content\/uploads\/2018\/09\/slider-industrial-2.jpg?id=1010) !important;background-position: center !important;background-repeat: no-repeat !important;background-size: cover !important;}&#8221;][vc_column]<div id=\"cz_62590\" class=\"cz_62590 cz_image clr cz_image_no_fx center_on_mobile\"><div class=\"\"><div class=\"cz_image_in\"><div class=\"cz_main_image\"><img loading=\"lazy\" decoding=\"async\" class=\"\" src=\"https:\/\/salutemosgb.com.tr\/wp-content\/uploads\/2018\/09\/logo-mark-1-60x60.png\" width=\"60\" height=\"60\" alt=\"logo-mark-1\" title=\"logo-mark-1\" \/><\/div><\/div><\/div><\/div><div id=\"cz_18744\" class=\"cz_18744 cz_title clr cz_smart_fs cz_title_pos_inline tac\"><div class=\"cz_title_content\"><div class=\"cz_wpe_content\"><p style=\"text-align: center;\"><span style=\"font-size: 18px; color: #cccccc;\">Contact or join us<\/span><\/p>\n<h3 style=\"line-height: 1.3; text-align: center;\"><span style=\"font-size: 38px;\"><span style=\"color: #ffffff; line-height: 2;\">Keep In <\/span><span style=\"color: #e4e4e6;\">Touch<\/span><\/span><\/h3>\n<p style=\"text-align: center;\"><span style=\"color: #dddddd; font-size: 20px;\">Xtra Compliance Safety Ltd. is a health &amp; safety industry leader<br class=\"clr\" \/> Industrial team with modern technologies<\/span><\/p>\n<\/div><\/div><\/div><div class=\"cz_gap clr \" style=\"height: 50px\"><\/div><div class=\"cz_btn_center\"><div class=\"cz_30894_p\"><a id=\"cz_30894\" class=\"cz_30894 cz_btn cz_btn_txt_no_fx cz_btn_blur\" href=\"http:\/\/xtratheme.com\/industrial\/contact-us\/\"><span><strong>Join Our Industrial Company<\/strong><\/span><b class=\"cz_btn_onhover\"><strong>Join Our Industrial Company<\/strong><\/b><\/a><\/div><\/div>[\/vc_column][\/vc_row][vc_row disable_element=&#8221;yes&#8221;][vc_column]<div class=\"cz_gap clr  hide_on_mobile\" style=\"height: 140px\"><\/div><div class=\"cz_gap show_on_mobile clr\" style=\"height: 80px\"><\/div>[\/vc_column][\/vc_row][vc_row disable_element=&#8221;yes&#8221;][vc_column width=&#8221;1\/6&#8243;][\/vc_column][vc_column offset=&#8221;vc_col-md-10&#8243;]<div class=\"cz_eqh cz_content_box_parent_fx  \"><div id=\"cz_56927\" class=\"cz_56927 cz_content_box clr\"><div class=\"cz_box_front clr\"><div class=\"cz_box_front_inner clr cz_content_box_full_after\"><div>[vc_row_inner][vc_column_inner offset=&#8221;vc_col-md-6&#8243;]<div id=\"cz_38225\" class=\"cz_38225 cz_image clr cz_image_no_fx center_on_mobile\"><div class=\"\"><div class=\"cz_image_in\" data-tilt><div class=\"cz_main_image\"><img loading=\"lazy\" decoding=\"async\" width=\"600\" height=\"600\" src=\"https:\/\/salutemosgb.com.tr\/wp-content\/uploads\/2018\/06\/f5.jpg\" class=\"attachment-full\" alt=\"\" srcset=\"https:\/\/salutemosgb.com.tr\/wp-content\/uploads\/2018\/06\/f5.jpg 600w, https:\/\/salutemosgb.com.tr\/wp-content\/uploads\/2018\/06\/f5-150x150.jpg 150w, https:\/\/salutemosgb.com.tr\/wp-content\/uploads\/2018\/06\/f5-300x300.jpg 300w, https:\/\/salutemosgb.com.tr\/wp-content\/uploads\/2018\/06\/f5-100x100.jpg 100w\" sizes=\"auto, (max-width: 600px) 100vw, 600px\" \/><\/div><\/div><\/div><\/div>[\/vc_column_inner][vc_column_inner offset=&#8221;vc_col-md-6&#8243;]<div class=\"cz_gap clr \" style=\"height: 82px\"><\/div><div id=\"cz_108007\" class=\"cz_108007 cz_image clr cz_image_no_fx\"><div class=\"\"><div class=\"cz_image_in\"><div class=\"cz_main_image\"><img loading=\"lazy\" decoding=\"async\" class=\"\" src=\"https:\/\/salutemosgb.com.tr\/wp-content\/uploads\/2018\/09\/logo-mark-2-60x60.png\" width=\"60\" height=\"60\" alt=\"logo-mark-2\" title=\"logo-mark-2\" \/><\/div><\/div><\/div><\/div><div id=\"cz_50651\" class=\"cz_50651 cz_title clr cz_smart_fs cz_title_pos_inline\"><div class=\"cz_title_content\"><div class=\"cz_wpe_content\"><p><span style=\"font-size: 18px; color: #666666;\">Contact or join us<\/span><\/p>\n<h3 style=\"line-height: 1.3;\"><span style=\"font-size: 38px;\"><span style=\"line-height: 2;\">Keep In <\/span><span style=\"color: #b61218;\">Touch<\/span><\/span><\/h3>\n<p><span style=\"color: #666666; font-size: 20px;\">As the original Canadian safety registry consultancy, our specialists have the proper legislative experience to guide you through the safety registry pre qualification process.<\/span><\/p>\n<\/div><\/div><\/div><div class=\"cz_gap clr \" style=\"height: 50px\"><\/div><ul id=\"cz_66833\" class=\"cz_66833 cz_stylish_list clr cz_sl_icon_hover_zoom_in\"><li class=\"clr\"><div class=\"cz_sl_icon\"><i class=\"fa czico-074-tick-inside-circle mr10\" ><\/i><\/div><div><span>Oil & Gas<\/span><\/div><\/li><li class=\"clr\"><div class=\"cz_sl_icon\"><i class=\"fa czico-074-tick-inside-circle mr10\" ><\/i><\/div><div><span>Manufacturing<\/span><\/div><\/li><li class=\"clr\"><div class=\"cz_sl_icon\"><i class=\"fa czico-074-tick-inside-circle mr10\" ><\/i><\/div><div><span>Construction<\/span><\/div><\/li><li class=\"clr\"><div class=\"cz_sl_icon\"><i class=\"fa czico-074-tick-inside-circle mr10\" ><\/i><\/div><div><span>Foresty<\/span><\/div><\/li><li class=\"clr\"><div class=\"cz_sl_icon\"><i class=\"fa czico-074-tick-inside-circle mr10\" ><\/i><\/div><div><span>Transportation<\/span><\/div><\/li><li class=\"clr\"><div class=\"cz_sl_icon\"><i class=\"fa czico-074-tick-inside-circle mr10\" ><\/i><\/div><div><span>Agriculture<\/span><\/div><\/li><\/ul>[\/vc_column_inner][\/vc_row_inner]<\/div><\/div><\/div><\/div><\/div>[\/vc_column][\/vc_row][vc_row disable_element=&#8221;yes&#8221;][vc_column]<div class=\"cz_gap clr  hide_on_mobile\" style=\"height: 140px\"><\/div><div class=\"cz_gap show_on_mobile clr\" style=\"height: 80px\"><\/div><div id=\"cz_45690\" class=\"cz_45690 cz_image clr cz_image_no_fx center_on_mobile\"><div class=\"\"><div class=\"cz_image_in\"><div class=\"cz_main_image\"><img loading=\"lazy\" decoding=\"async\" class=\"\" src=\"https:\/\/salutemosgb.com.tr\/wp-content\/uploads\/2018\/09\/logo-mark-1-60x60.png\" width=\"60\" height=\"60\" alt=\"logo-mark-1\" title=\"logo-mark-1\" \/><\/div><\/div><\/div><\/div><div id=\"cz_69851\" class=\"cz_69851 cz_title clr cz_smart_fs cz_title_pos_inline tac\"><div class=\"cz_title_content\"><div class=\"cz_wpe_content\"><p style=\"text-align: center;\"><span style=\"font-size: 18px; color: #666666;\">Our new industrial systems<\/span><\/p>\n<h3 style=\"line-height: 1.3; text-align: center;\"><span style=\"font-size: 38px;\">Products and\u00a0<span style=\"color: #b61218;\">Services<\/span><\/span><\/h3>\n<p style=\"text-align: center;\"><span style=\"color: #aaaaaa; font-size: 20px;\">Safety Manual Development | Contractor Registry Compliance | Registry Maintenance Programs<\/span><\/p>\n<\/div><\/div><\/div><div class=\"cz_gap clr \" style=\"height: 60px\"><\/div>[\/vc_column][\/vc_row][vc_row disable_element=&#8221;yes&#8221;][vc_column][recent_products per_page=&#8221;3&#8243; columns=&#8221;3&#8243; orderby=&#8221;date&#8221; order=&#8221;DESC&#8221;][\/vc_column][\/vc_row][vc_row disable_element=&#8221;yes&#8221;][vc_column]<div class=\"cz_gap clr  hide_on_mobile\" style=\"height: 140px\"><\/div><div class=\"cz_gap show_on_mobile clr\" style=\"height: 80px\"><\/div>[\/vc_column][\/vc_row][vc_row full_width=&#8221;stretch_row&#8221; disable_element=&#8221;yes&#8221; css=&#8221;.vc_custom_1581643881144{padding-top: 40px !important;padding-bottom: 40px !important;background-color: rgba(182,18,24,0.09) !important;*background-color: rgb(182,18,24) !important;}&#8221;][vc_column width=&#8221;2\/3&#8243;]<div id=\"cz_54125\" class=\"cz_54125 cz_title clr cz_smart_fs cz_mobile_text_center cz_title_has_icon cz_title_pos_inline\"><div class=\"cz_title_content\"><i class=\"cz_title_icon_before fa czico-098-profile-1\"><\/i><div class=\"cz_wpe_content\"><h3><span style=\"font-size: 36px;\">We&#8217;re Hiring, Join <span style=\"color: #b61218;\">Our Industry<\/span><\/span><\/h3>\n<p><span style=\"color: #666666; font-size: 18px;\">Feel free to contact us and send your resume<\/span><\/p>\n<\/div><\/div><\/div>[\/vc_column][vc_column width=&#8221;1\/3&#8243;]<div class=\"cz_btn_right cz_mobile_btn_center\"><div class=\"cz_63659_p\"><a id=\"cz_63659\" class=\"cz_63659 cz_btn cz_btn_txt_no_fx cz_btn_no_fx\" href=\"http:\/\/xtratheme.com\/industrial\/contact-us\/\"><span><i class=\"fa czico-092-phone-call-1\"><\/i><strong>Contact Us Now<\/strong><\/span><b class=\"cz_btn_onhover\"><i class=\"fa czico-092-phone-call-1\"><\/i><strong>Contact Us Now<\/strong><\/b><\/a><\/div><\/div><div class=\"clr\"><\/div>[\/vc_column][\/vc_row]<\/p>\n","protected":false},"excerpt":{"rendered":"<p>[vc_row][vc_column][\/vc_column][\/vc_row][vc_row][vc_column][\/vc_column][\/vc_row][vc_row][vc_column][\/vc_column][\/vc_row][vc_row][vc_column offset=&#8221;vc_col-md-4&#8243;][\/vc_column][vc_column offset=&#8221;vc_col-md-4&#8243;][\/vc_column][vc_column offset=&#8221;vc_col-md-4&#8243;][\/vc_column][\/vc_row][vc_row][vc_column offset=&#8221;vc_col-md-4&#8243;][\/vc_column][vc_column offset=&#8221;vc_col-md-4&#8243;][\/vc_column][vc_column offset=&#8221;vc_col-md-4&#8243;][\/vc_column][\/vc_row][vc_row disable_element=&#8221;yes&#8221;][vc_column][\/vc_column][\/vc_row][vc_row full_width=&#8221;stretch_row&#8221; disable_element=&#8221;yes&#8221; css=&#8221;.vc_custom_1581643851181{padding-top: 120px !important;padding-bottom: 120px !important;background: #1c1c1c url(https:\/\/salutemosgb.com.tr\/wp-content\/uploads\/2018\/09\/slider-industrial-2.jpg?id=1010) !important;background-position: center !important;background-repeat: &#8230; <\/p>\n","protected":false},"author":1,"featured_media":0,"parent":0,"menu_order":0,"comment_status":"closed","ping_status":"closed","template":"","meta":{"footnotes":""},"class_list":["post-11","page","type-page","status-publish","hentry"],"_links":{"self":[{"href":"https:\/\/salutemosgb.com.tr\/index.php?rest_route=\/wp\/v2\/pages\/11","targetHints":{"allow":["GET"]}}],"collection":[{"href":"https:\/\/salutemosgb.com.tr\/index.php?rest_route=\/wp\/v2\/pages"}],"about":[{"href":"https:\/\/salutemosgb.com.tr\/index.php?rest_route=\/wp\/v2\/types\/page"}],"author":[{"embeddable":true,"href":"https:\/\/salutemosgb.com.tr\/index.php?rest_route=\/wp\/v2\/users\/1"}],"replies":[{"embeddable":true,"href":"https:\/\/salutemosgb.com.tr\/index.php?rest_route=%2Fwp%2Fv2%2Fcomments&post=11"}],"version-history":[{"count":16,"href":"https:\/\/salutemosgb.com.tr\/index.php?rest_route=\/wp\/v2\/pages\/11\/revisions"}],"predecessor-version":[{"id":1309,"href":"https:\/\/salutemosgb.com.tr\/index.php?rest_route=\/wp\/v2\/pages\/11\/revisions\/1309"}],"wp:attachment":[{"href":"https:\/\/salutemosgb.com.tr\/index.php?rest_route=%2Fwp%2Fv2%2Fmedia&parent=11"}],"curies":[{"name":"wp","href":"https:\/\/api.w.org\/{rel}","templated":true}]}}