{"id":14,"date":"2018-05-29T11:13:24","date_gmt":"2018-05-29T11:13:24","guid":{"rendered":"http:\/\/xtratheme.com\/default\/?page_id=14"},"modified":"2020-03-09T02:40:35","modified_gmt":"2020-03-08T23:40:35","slug":"is-guvenligi-hizmetleri","status":"publish","type":"page","link":"https:\/\/salutemosgb.com.tr\/?page_id=14","title":{"rendered":"\u0130\u015f G\u00fcvenli\u011fi Hizmetleri"},"content":{"rendered":"<p>[vc_row][vc_column]<div class=\"cz_gap clr  hide_on_tablet hide_on_mobile\" style=\"height: 70px\"><\/div><div class=\"cz_gap show_on_tablet clr \" style=\"height: 0px\"><\/div>[\/vc_column][\/vc_row][vc_row css=&#8221;.vc_custom_1497126171788{background-position: center !important;background-repeat: no-repeat !important;background-size: cover !important;}&#8221;][vc_column offset=&#8221;vc_col-lg-8&#8243; css=&#8221;.vc_custom_1516136899580{padding-right: 20px !important;}&#8221;]<div id=\"cz_110637\" class=\"cz_110637 cz_title clr cz_smart_fs cz_title_pos_inline\"><div class=\"cz_title_content\"><div class=\"cz_wpe_content\"><h3 style=\"line-height: 1.3;\"><span style=\"font-size: 38px;\">\u0130\u015f G\u00fcvenli\u011fi <span style=\"color: #b61218;\">Hizmetleri<\/span><\/span><\/h3>\n<p>&nbsp;<\/p>\n<p><strong>\u0130\u015f g\u00fcvenli\u011fi ile ilgili Temel E\u011fitimler<\/strong>i vermek,<br \/>\n\u2022 \u0130\u015f yerinde g\u00f6zetim ve denetim sistemi kurmak ve y\u00f6netmek,<br \/>\n\u2022 \u0130\u015f Sa\u011fl\u0131\u011f\u0131 ve G\u00fcvenli\u011fi Kurulu \u00e7al\u0131\u015fmalar\u0131na kat\u0131lmak,<br \/>\n\u2022 Y\u0131ll\u0131k \u00c7al\u0131\u015fma Plan\u0131 haz\u0131rlamak,<br \/>\n\u2022 E\u011fitim Plan\u0131 haz\u0131rlamak,<br \/>\n\u2022 \u0130\u015fverene, i\u015f g\u00fcvenli\u011fi konusunda rehberlik ve dan\u0131\u015fmanl\u0131k yapmak,<br \/>\n\u2022 Alt i\u015fverenlerin denetimini yaparak y\u00f6netime rapor sunmak,<br \/>\n<strong>\u2022 \u0130\u015f yeri Risk De\u011ferlendirmesi\u00a0<\/strong>yapmak,<br \/>\n\u2022\u00a0<strong>Acil Durum Eylem Plan\u0131<\/strong>haz\u0131rlamak,<br \/>\n\u2022 Sa\u011fl\u0131k ve G\u00fcvenlik Plan\u0131 haz\u0131rlamak,<br \/>\n\u2022 \u0130\u00e7 Y\u00f6netmelik haz\u0131rlamak,<br \/>\n\u2022 \u0130\u015f \u0130zni Prosed\u00fcr\u00fc haz\u0131rlamak,<br \/>\n\u2022 \u00c7al\u0131\u015fma talimatlar\u0131 haz\u0131rlamak,<br \/>\n\u2022 \u0130\u015f kazas\u0131 sonras\u0131nda Kaza K\u00f6k Sebep Analiz Formunu d\u00fczenlemek,<br \/>\n\u2022\u00a0<strong>Patlamadan Korunma Dok\u00fcman\u0131<\/strong>\u00a0haz\u0131rlamak,<br \/>\n\u2022 Parlay\u0131c\u0131, patlay\u0131c\u0131, yan\u0131c\u0131 ve tehlikeli maddelerle \u00e7al\u0131\u015fma \u015fartlar\u0131n\u0131 belirlemek,<br \/>\n\u2022 Parlay\u0131c\u0131, patlay\u0131c\u0131, yan\u0131c\u0131 ve tehlikeli maddelerin depolanma \u015fartlar\u0131n\u0131 belirlemek,<br \/>\n\u2022 Kimyasal madde risk de\u011ferlendirmesi yapmak,<br \/>\n\u2022 Kimyasal maddelerle \u00e7al\u0131\u015fma \u015fartlar\u0131n\u0131 belirlemek,<br \/>\n\u2022 Kimyasal maddelerin depolanma \u015fartlar\u0131n\u0131 belirlemek,<br \/>\n\u2022 Ki\u015fisel koruyucu donan\u0131m risk de\u011ferlendirmesi yapmak,<br \/>\n\u2022 Ki\u015fisel koruyucu donan\u0131m se\u00e7imi konusunda i\u015fverene tavsiyede bulunmak,<br \/>\n\u2022 Elektrik g\u00fcvenli\u011fi ile ilgili gerekli \u00e7al\u0131\u015fmalar\u0131 yapmak,<br \/>\n\u2022 Topraklama tesisat\u0131n\u0131n periyodik kontrollerini takip etmek,<br \/>\n\u2022 Paratonerin periyodik kontrollerini takip etmek,<br \/>\n\u2022 \u0130\u015f makinelerinin periyodik kontrollerini takip etmek,<br \/>\n\u2022 Kald\u0131rma makinelerinin periyodik kontrollerini takip etmek,<br \/>\n\u2022 Bas\u0131n\u00e7l\u0131 kaplar ve kazanlar\u0131n periyodik kontrollerini takip etmek.<\/p>\n<\/div><\/div><\/div><div class=\"cz_gap clr \" style=\"height: 60px\"><\/div><div class=\"cz_gap clr \" style=\"height: 30px\"><\/div><div id=\"cz_96047\" class=\"cz_96047 cz_title clr cz_title_has_icon cz_title_pos_inline\"><div class=\"cz_title_content\"><i class=\"cz_title_icon_before fa czico-084-creative\"><\/i><div class=\"cz_wpe_content\"><h4><span style=\"font-size: 30px;\">Hizmetler<\/span><\/h4>\n<p><span style=\"color: #666666;\">\u0130\u015f g\u00fcvenli\u011fi konusunda sundu\u011fumuz hizmetleri a\u015fa\u011f\u0131da g\u00f6r\u00fcnt\u00fcleyebilirsiniz<\/span><\/p>\n<\/div><\/div><\/div><div id=\"cz_102996\" data-arrows='{\"open\":\"fa fa-angle-down\",\"close\":\"fa fa-angle-up\"}' class=\"cz_102996 cz_acc clr cz_acc_first_open\"><div><div><span class=\"cz_acc_child\"><i class=\"cz-acc-i cz-acc-icon fa fa-bookmark-o\"><\/i><div>\u0130\u015f yeri Risk De\u011ferlendirmesi Haz\u0131rlanmas\u0131<\/div><\/span><div class=\"cz_acc_child_content clr\">[vc_column_text]<strong>1)<\/strong>\u00a0Risk de\u011ferlendirmesi yap\u0131l\u0131rken a\u015fa\u011f\u0131daki hususlar dikkate al\u0131n\u0131r.<\/p>\n<ul>\n<li>Belirli risklerden etkilenecek \u00e7al\u0131\u015fanlar\u0131n durumu.<\/li>\n<li>Kullan\u0131lacak i\u015f ekipman\u0131 ile kimyasal madde ve m\u00fcstahzarlar\u0131n se\u00e7imi.<\/li>\n<li>\u0130\u015f yerinin tertip ve d\u00fczeni.<\/li>\n<li>Gen\u00e7, ya\u015fl\u0131, engelli, gebe veya emziren \u00e7al\u0131\u015fanlar gibi \u00f6zel politika gerektiren gruplar ile kad\u0131n \u00e7al\u0131\u015fanlar\u0131n durumu.<\/li>\n<\/ul>\n<p><strong>2)<\/strong>\u00a0Yap\u0131lacak risk de\u011ferlendirmesi sonucu al\u0131nacak i\u015f sa\u011fl\u0131\u011f\u0131 ve g\u00fcvenli\u011fi tedbirleri ile kullan\u0131lmas\u0131 gereken koruyucu donan\u0131m veya ekipman\u0131 belirler.<\/p>\n<p><strong>3)<\/strong>\u00a0\u0130\u015f yerinde uygulanacak i\u015f sa\u011fl\u0131\u011f\u0131 ve g\u00fcvenli\u011fi tedbirleri, \u00e7al\u0131\u015fma \u015fekilleri ve \u00fcretim y\u00f6ntemleri; \u00e7al\u0131\u015fanlar\u0131n sa\u011fl\u0131k ve g\u00fcvenlik y\u00f6n\u00fcnden korunma d\u00fczeyini y\u00fckseltecek ve i\u015f yerinin idari yap\u0131lanmas\u0131n\u0131n her kademesinde uygulanabilir nitelikte olmas\u0131n\u0131 sa\u011flar.<\/p>\n<p><strong>4)<\/strong>\u00a0\u0130\u015f sa\u011fl\u0131\u011f\u0131 ve g\u00fcvenli\u011fi y\u00f6n\u00fcnden \u00e7al\u0131\u015fma ortam\u0131na ve \u00e7al\u0131\u015fanlar\u0131n bu ortamda maruz kald\u0131\u011f\u0131 risklerin belirlenmesine y\u00f6nelik gerekli kontrol, \u00f6l\u00e7\u00fcm, inceleme ve ara\u015ft\u0131rmalar\u0131n yap\u0131lmas\u0131n\u0131 sa\u011flar.[\/vc_column_text]<\/div><\/div><div><span class=\"cz_acc_child\"><div> Acil Durum Eylem Plan\u0131 Haz\u0131rlanmas\u0131<\/div><\/span><div class=\"cz_acc_child_content clr\">[vc_column_text]\u0130\u015f yerindeki \u00e7al\u0131\u015fma ortam\u0131, kullan\u0131lan maddeler, i\u015f ekipman\u0131 ve \u00e7evre \u015fartlar\u0131n\u0131 dikkate al\u0131p;<br \/>\nOlmas\u0131 muhtemel acil durumlar\u0131 de\u011ferlendirerek,<\/p>\n<ul>\n<li>\u00c7al\u0131\u015fanlar\u0131 ve \u00e7al\u0131\u015fma \u00e7evresini etkileyebilecek t\u00fcm olas\u0131 acil durumlar\u0131 belirleyerek,<\/li>\n<li>Meydana gelebilecek acil durumlar\u0131n etkilerini \u00f6nleyici ve s\u0131n\u0131rlay\u0131c\u0131 tedbirler alarak,<\/li>\n<li>Acil durumlar\u0131n olumsuz etkilerinden korunmak i\u00e7in gerekli ortam \u00f6l\u00e7\u00fcmlerinin yapt\u0131r\u0131lmas\u0131 sa\u011flanarak,<\/li>\n<li>Koruma, kurtarma, s\u00f6nd\u00fcrme ve ilkyard\u0131m konular\u0131nda i\u015fyerinin durumuna g\u00f6re, \u00e7al\u0131\u015fanlara e\u011fitim verilerek,<\/li>\n<li>Acil durumlara haz\u0131rlanmak maksad\u0131yla tatbikatlar yaparak,<\/li>\n<\/ul>\n<p>\u00d6ncelikle \u00e7al\u0131\u015fan\u0131n sa\u011fl\u0131\u011f\u0131n\u0131 ve g\u00fcvenli\u011fini daha sonra \u00e7evreyi koruyan acil durum eylem plan\u0131 haz\u0131rlan\u0131r.[\/vc_column_text]<\/div><\/div><div><span class=\"cz_acc_child\"><div>Sa\u011fl\u0131k ve G\u00fcvenlik Plan\u0131 Haz\u0131rlanmas\u0131<\/div><\/span><div class=\"cz_acc_child_content clr\">[vc_column_text]Yap\u0131 ve madencilik i\u015flerinde, y\u00fcr\u00fct\u00fclen faaliyetleri dikkate al\u0131p;<\/p>\n<ul>\n<li>\u00c7al\u0131\u015fanlar\u0131n toprak alt\u0131nda kalma, batakl\u0131kta batma ve y\u00fcksekten d\u00fc\u015fme,<\/li>\n<li>Kimyasal ve biyolojik maddelerle \u00e7al\u0131\u015fmalarda,<\/li>\n<li>Radyasyon i\u00e7eren \u00e7al\u0131\u015fmalarda,<\/li>\n<li>Y\u00fcksek gerilim hatlar\u0131 yak\u0131nlar\u0131ndaki \u00e7al\u0131\u015fmalarda,<\/li>\n<li>Kuyu yeralt\u0131 kaz\u0131lar\u0131 ve t\u00fcnel i\u015flerinde,<\/li>\n<li>Hava beslemeli sistem kullanan dalg\u0131\u00e7lar\u0131n yapt\u0131\u011f\u0131 i\u015flerde,<\/li>\n<li>Bas\u0131n\u00e7l\u0131 keson i\u00e7inde yap\u0131lan i\u015flerde,<\/li>\n<li>Patlay\u0131c\u0131 madde kullan\u0131m\u0131 gerektiren i\u015flerde,<\/li>\n<li>A\u011f\u0131r prefabrike elemanlar\u0131n montaj ve s\u00f6k\u00fcm i\u015flerinde,<\/li>\n<\/ul>\n<p>Riskler de\u011ferlendirilerek, \u00e7al\u0131\u015fanlar\u0131n sa\u011fl\u0131k ve g\u00fcvenli\u011fini korumay\u0131 hedefleyen kurallar\u0131n bulundu\u011fu, Sa\u011fl\u0131k ve G\u00fcvenlik Planlar\u0131 ve dok\u00fcmanlar\u0131 haz\u0131rlan\u0131r.[\/vc_column_text]<\/div><\/div><\/div><\/div>[\/vc_column][vc_column offset=&#8221;vc_col-lg-4&#8243; css=&#8221;.vc_custom_1531391399212{padding-right: 20px !important;padding-left: 20px !important;}&#8221;]<div class=\"cz_gap clr  hide_on_mobile\" style=\"height: 0px\"><\/div><div class=\"cz_gap show_on_mobile clr\" style=\"height: 50px\"><\/div><div id=\"cz_41662\" class=\"cz_41662 cz_image clr cz_image_no_fx center_on_mobile\"><div class=\"cz_svg_bg\"><div class=\"cz_image_in\"><div class=\"cz_main_image\"><img loading=\"lazy\" decoding=\"async\" width=\"750\" height=\"750\" src=\"https:\/\/salutemosgb.com.tr\/wp-content\/uploads\/2020\/02\/anasol2.jpg\" class=\"attachment-full\" alt=\"\" srcset=\"https:\/\/salutemosgb.com.tr\/wp-content\/uploads\/2020\/02\/anasol2.jpg 750w, https:\/\/salutemosgb.com.tr\/wp-content\/uploads\/2020\/02\/anasol2-150x150.jpg 150w, https:\/\/salutemosgb.com.tr\/wp-content\/uploads\/2020\/02\/anasol2-300x300.jpg 300w, https:\/\/salutemosgb.com.tr\/wp-content\/uploads\/2020\/02\/anasol2-600x600.jpg 600w, https:\/\/salutemosgb.com.tr\/wp-content\/uploads\/2020\/02\/anasol2-100x100.jpg 100w\" sizes=\"auto, (max-width: 750px) 100vw, 750px\" \/><\/div><\/div><\/div><\/div><div class=\"cz_gap clr \" style=\"height: 110px\"><\/div><div id=\"cz_38100\" class=\"cz_38100 cz_title clr cz_title_has_icon cz_title_pos_inline\"><div class=\"cz_title_content\"><i class=\"cz_title_icon_before fa czico-008-chat-2\"><\/i><div class=\"cz_wpe_content\"><h4><span style=\"font-size: 30px;\">Bize Yaz\u0131n<\/span><\/h4>\n<p><span style=\"color: #666666;\">\u0130\u015f G\u00fcvenli\u011fi konusunda merak ettiklerinizi bize buradan sorabilirsiniz<\/span><\/p>\n<\/div><\/div><\/div><div id=\"cz_94801\" class=\"cz_94801 cz_cf7 clr\"><div>\n<div class=\"wpcf7 no-js\" id=\"wpcf7-f124-o1\" lang=\"en-US\" dir=\"ltr\" data-wpcf7-id=\"124\">\n<div class=\"screen-reader-response\"><p role=\"status\" aria-live=\"polite\" aria-atomic=\"true\"><\/p> <ul><\/ul><\/div>\n<form action=\"\/index.php?rest_route=%2Fwp%2Fv2%2Fpages%2F14#wpcf7-f124-o1\" method=\"post\" class=\"wpcf7-form init\" aria-label=\"Contact form\" novalidate=\"novalidate\" data-status=\"init\">\n<div style=\"display: none;\">\n<input type=\"hidden\" name=\"_wpcf7\" value=\"124\" \/>\n<input type=\"hidden\" name=\"_wpcf7_version\" value=\"6.0.6\" \/>\n<input type=\"hidden\" name=\"_wpcf7_locale\" value=\"en_US\" \/>\n<input type=\"hidden\" name=\"_wpcf7_unit_tag\" value=\"wpcf7-f124-o1\" \/>\n<input type=\"hidden\" name=\"_wpcf7_container_post\" value=\"0\" \/>\n<input type=\"hidden\" name=\"_wpcf7_posted_data_hash\" value=\"\" \/>\n<\/div>\n<p><span class=\"wpcf7-form-control-wrap\" data-name=\"your-name\"><input size=\"40\" maxlength=\"400\" class=\"wpcf7-form-control wpcf7-text wpcf7-validates-as-required\" aria-required=\"true\" aria-invalid=\"false\" placeholder=\"Ad\u0131n\u0131z (*)\" value=\"\" type=\"text\" name=\"your-name\" \/><\/span>\n<\/p>\n<p><span class=\"wpcf7-form-control-wrap\" data-name=\"your-email\"><input size=\"40\" maxlength=\"400\" class=\"wpcf7-form-control wpcf7-email wpcf7-validates-as-required wpcf7-text wpcf7-validates-as-email\" aria-required=\"true\" aria-invalid=\"false\" placeholder=\"Telefon Numaran\u0131z (*)\" value=\"\" type=\"email\" name=\"your-email\" \/><\/span>\n<\/p>\n<p><span class=\"wpcf7-form-control-wrap\" data-name=\"your-message\"><textarea cols=\"40\" rows=\"10\" maxlength=\"2000\" class=\"wpcf7-form-control wpcf7-textarea\" aria-invalid=\"false\" placeholder=\"Mesaj\u0131n\u0131z\" name=\"your-message\"><\/textarea><\/span>\n<\/p>\n<p><input class=\"wpcf7-form-control wpcf7-submit has-spinner\" type=\"submit\" value=\"Mesaj\u0131 G\u00f6nder\" \/>\n<\/p><div class=\"wpcf7-response-output\" aria-hidden=\"true\"><\/div>\n<\/form>\n<\/div>\n<\/div><\/div>[\/vc_column][\/vc_row]<\/p>\n","protected":false},"excerpt":{"rendered":"<p>[vc_row][vc_column][\/vc_column][\/vc_row][vc_row css=&#8221;.vc_custom_1497126171788{background-position: center !important;background-repeat: no-repeat !important;background-size: cover !important;}&#8221;][vc_column offset=&#8221;vc_col-lg-8&#8243; css=&#8221;.vc_custom_1516136899580{padding-right: 20px !important;}&#8221;][\/vc_column][vc_column offset=&#8221;vc_col-lg-4&#8243; css=&#8221;.vc_custom_1531391399212{padding-right: 20px !important;padding-left: 20px !important;}&#8221;][\/vc_column][\/vc_row] &#8230; <\/p>\n","protected":false},"author":1,"featured_media":0,"parent":0,"menu_order":0,"comment_status":"closed","ping_status":"closed","template":"","meta":{"footnotes":""},"class_list":["post-14","page","type-page","status-publish","hentry"],"_links":{"self":[{"href":"https:\/\/salutemosgb.com.tr\/index.php?rest_route=\/wp\/v2\/pages\/14","targetHints":{"allow":["GET"]}}],"collection":[{"href":"https:\/\/salutemosgb.com.tr\/index.php?rest_route=\/wp\/v2\/pages"}],"about":[{"href":"https:\/\/salutemosgb.com.tr\/index.php?rest_route=\/wp\/v2\/types\/page"}],"author":[{"embeddable":true,"href":"https:\/\/salutemosgb.com.tr\/index.php?rest_route=\/wp\/v2\/users\/1"}],"replies":[{"embeddable":true,"href":"https:\/\/salutemosgb.com.tr\/index.php?rest_route=%2Fwp%2Fv2%2Fcomments&post=14"}],"version-history":[{"count":8,"href":"https:\/\/salutemosgb.com.tr\/index.php?rest_route=\/wp\/v2\/pages\/14\/revisions"}],"predecessor-version":[{"id":1465,"href":"https:\/\/salutemosgb.com.tr\/index.php?rest_route=\/wp\/v2\/pages\/14\/revisions\/1465"}],"wp:attachment":[{"href":"https:\/\/salutemosgb.com.tr\/index.php?rest_route=%2Fwp%2Fv2%2Fmedia&parent=14"}],"curies":[{"name":"wp","href":"https:\/\/api.w.org\/{rel}","templated":true}]}}