{"id":1404,"date":"2020-02-27T03:38:00","date_gmt":"2020-02-27T00:38:00","guid":{"rendered":"https:\/\/salutemosgb.com.tr\/?page_id=1404"},"modified":"2020-03-09T02:45:51","modified_gmt":"2020-03-08T23:45:51","slug":"isyeri-hekimligi-hizmetleri","status":"publish","type":"page","link":"https:\/\/salutemosgb.com.tr\/?page_id=1404","title":{"rendered":"\u0130\u015fyeri Hekimli\u011fi Hizmetleri"},"content":{"rendered":"<p>[vc_row][vc_column]<div class=\"cz_gap clr  hide_on_tablet hide_on_mobile\" style=\"height: 70px\"><\/div><div class=\"cz_gap show_on_tablet clr \" style=\"height: 0px\"><\/div>[\/vc_column][\/vc_row][vc_row css=&#8221;.vc_custom_1497126171788{background-position: center !important;background-repeat: no-repeat !important;background-size: cover !important;}&#8221;][vc_column offset=&#8221;vc_col-lg-8&#8243; css=&#8221;.vc_custom_1516136899580{padding-right: 20px !important;}&#8221;]<div id=\"cz_85401\" class=\"cz_85401 cz_title clr cz_smart_fs cz_title_pos_inline\"><div class=\"cz_title_content\"><div class=\"cz_wpe_content\"><h3 style=\"line-height: 1.3;\"><span style=\"font-size: 38px;\">\u0130\u015fyeri Hekimli\u011fi <span style=\"color: #b61218;\">Hizmetleri<\/span><\/span><\/h3>\n<\/div><\/div><\/div><div class=\"cz_gap clr \" style=\"height: 60px\"><\/div><div id=\"cz_102996\" data-arrows='{\"open\":\"fa fa-angle-down\",\"close\":\"fa fa-angle-up\"}' class=\"cz_102996 cz_acc clr cz_acc_first_open\"><div><div><span class=\"cz_acc_child\"><i class=\"cz-acc-i cz-acc-icon fa fa-bookmark-o\"><\/i><div>\u0130\u015f Yeri Hekimlerinin Temel G\u00f6revleri<\/div><\/span><div class=\"cz_acc_child_content clr\">[vc_column_text]<\/p>\n<ul>\n<li>\u0130\u015fe giri\u015f esnas\u0131nda, \u00e7al\u0131\u015fan\u0131n uygun i\u015fe yerle\u015ftirilmesinin sa\u011flanmas\u0131, sa\u011fl\u0131k tehlikeleri a\u00e7\u0131s\u0131ndan uygun \u00e7al\u0131\u015fanlar\u0131n\u00a0belirlenmesi\u00a0ve\u00a0i\u015fe yeni ba\u015flayanlar\u0131n sa\u011fl\u0131kl\u0131, g\u00fcvenli ve mevzuata uygun \u00e7al\u0131\u015fma ko\u015fullar\u0131nda \u00e7al\u0131\u015fmas\u0131n\u0131n sa\u011flanmas\u0131,<\/li>\n<li>\u0130\u015fin yap\u0131s\u0131 ve do\u011fal s\u00fcreci esnas\u0131nda, kullan\u0131lan maddelerden ve\/veya mekanlardan kaynaklanan sebepler nedeniyle \u00e7al\u0131\u015fanlarda meydana gelebilecek meslek hastal\u0131klar\u0131n\u0131n, hen\u00fcz etkile\u015fim olmadan\u00a0ortaya \u00e7\u0131kmas\u0131\u00a0amac\u0131yla periyodik\u00a0tahlil, tetkik ve muayenelerinin yap\u0131lmas\u0131,<br \/>\n<strong>\u2022<\/strong>Hem i\u015fe giri\u015f hem de periyodik\u00a0kontrol ve muayenelerinin ve s\u00fcrekli izlenmesinin yap\u0131land\u0131r\u0131labilmesi i\u00e7in i\u015fletmenin b\u00fct\u00fcn\u00fcnde sa\u011fl\u0131k ve g\u00fcvenlik risklerinin\u00a0belirlenmesi ve sa\u011fl\u0131k risklerinin de\u011ferlendirilmesi amac\u0131yla s\u00fcrekli g\u00f6zlem ve incelemeler yap\u0131lmas\u0131,<br \/>\n<strong>\u2022<\/strong>\u00a0\u0130\u015f yeri ortam\u0131 ve zararl\u0131larla ilgili \u00f6l\u00e7\u00fcm ve analizlerin planlanmas\u0131, sonu\u00e7lar\u0131n de\u011ferlendirilmesi ve s\u00fcrekli takibi,<br \/>\n<strong>\u2022<\/strong>\u00a0\u0130\u015fe giri\u015f ve periyodik muayeneleri, ayaktan tan\u0131 ve tedavi hizmetleri, i\u015f yeri ortam\u0131 g\u00f6zlem ve analizleri vs. faaliyetler nedeniyle elde edilen verilerin analizi, kay\u0131t ve istatistiksel de\u011ferlendirme y\u00f6ntem ve ara\u00e7lar\u0131n\u0131 kullanarak i\u015f sa\u011fl\u0131\u011f\u0131 sorunlar\u0131n\u0131n s\u0131kl\u0131k ve yayg\u0131nl\u0131klar\u0131n\u0131n tan\u0131mlanmas\u0131,<br \/>\n<strong>\u2022<\/strong>\u00a0\u00c7al\u0131\u015fanlara; i\u015f yerindeki olas\u0131 sa\u011fl\u0131k zararlar\u0131ndan korunma, g\u00fcvensiz davran\u0131\u015flardan ka\u00e7\u0131nma ve sa\u011fl\u0131\u011f\u0131n olumlu y\u00f6nde geli\u015ftirilmesi amac\u0131yla gerekli bilgi ve becerilerinin kazand\u0131r\u0131lmas\u0131,<br \/>\n<strong>\u2022<\/strong>\u00a0\u00c7al\u0131\u015fanlar\u0131n i\u015fletme d\u0131\u015f\u0131nda\u00a0ki hayatlar\u0131na y\u00f6nelik\u00a0gerekli bilgilerin sa\u011flanmas\u0131, kimi \u00f6zel sorunlar\u0131n tan\u0131mlanmas\u0131 ve gerekti\u011finde\u00a0ara\u015ft\u0131rmalar yap\u0131lmas\u0131,<br \/>\n<strong>\u2022<\/strong>\u00a0Y\u00fcr\u00fct\u00fclen i\u015f yeri sa\u011fl\u0131k hizmetlerinin miktar ve kapsam\u0131n\u0131n, koruyucu-\u00f6nleyici hekimlik faaliyetlerinin bulgular\u0131yla, sonu\u00e7lar\u0131n\u0131n i\u015fletme y\u00f6netimine ve yasal gereksinimlere uygun olarak b\u00f6lge \u00e7al\u0131\u015fma m\u00fcd\u00fcrl\u00fcklerine raporlanmas\u0131.<\/li>\n<\/ul>\n<p>[\/vc_column_text]<\/div><\/div><div><span class=\"cz_acc_child\"><div>SA\u011eLIK RAPORLARI<\/div><\/span><div class=\"cz_acc_child_content clr\">[vc_column_text]<strong>\u0130\u015fe Giri\u015f Muayenelerinin Yap\u0131lmas\u0131 ve Tamamlanmas\u0131<\/strong><\/p>\n<ul>\n<li>\u0130\u015f yeri hekimlerimiz i\u015fe giren her i\u015f\u00e7iye olu\u015fturduklar\u0131 prosed\u00fcrlere g\u00f6re gerekli muayeneleri yapar ve i\u015fe uygunluklar\u0131n\u0131 belgelerler.<br \/>\n<strong>\u2022<\/strong>Yap\u0131lan i\u015flere g\u00f6re belirlenen periyotlarda i\u015f\u00e7ilerin periyodik muayenelerini yaparak mesleki hastal\u0131klar\u0131na y\u00f6nelik\u00a0gerekli sa\u011fl\u0131k g\u00f6zetimlerini yaparlar.<br \/>\n<strong>\u2022<\/strong>\u00a0Hassas risk gruplar\u0131, meslek hastal\u0131\u011f\u0131 tan\u0131s\u0131 veya \u015f\u00fcphesi olanlar, kronik hastal\u0131\u011f\u0131 olanlar, madde ba\u011f\u0131ml\u0131l\u0131\u011f\u0131 olanlar,\u00a0birden fazla i\u015f kazas\u0131 ge\u00e7irmi\u015f olanlar gibi i\u015f\u00e7ilerin, uygun i\u015fe yerle\u015ftirilmeleri i\u00e7in gerekli koruyucu sa\u011fl\u0131k muayenelerini yaparak rapor d\u00fczenlerler.<br \/>\n<strong>\u2022<\/strong>\u00a0Gerekti\u011finde Port\u00f6r Muayenelerini yap\u0131lmas\u0131n\u0131 ve tamamlanmas\u0131n\u0131 sa\u011flarlar.<br \/>\nBa\u015fkalar\u0131na mikrop bula\u015ft\u0131rarak hastalanmalar\u0131na yol a\u00e7abilecek mikroplar\u0131 bar\u0131nd\u0131ran ya da ta\u015f\u0131yan sa\u011fl\u0131kl\u0131 kimseye Port\u00f6r denir. 1593 say\u0131l\u0131 Umumi H\u0131fz\u0131ss\u0131hha Kanununun 126. maddelerindeki h\u00fck\u00fcmlerle,g\u0131da \u00fcretim yerleri ve s\u0131hhi m\u00fcesseselerde \u00e7al\u0131\u015fanlar\u0131n bula\u015f\u0131c\u0131 hastal\u0131k ta\u015f\u0131y\u0131c\u0131l\u0131\u011f\u0131 y\u00f6n\u00fcnden her 3 ayda 1 muayene olma ve s\u0131hhi rapor alma mecburiyeti getirilmi\u015ftir.Port\u00f6r muayenesine esas laboratuvar tetkikleri; Sa\u011fl\u0131k Bakanl\u0131\u011f\u0131 Temel Sa\u011fl\u0131k Hizmetleri Genel M\u00fcd\u00fcrl\u00fc\u011f\u00fc\u2019n\u00fcn 2005\/9 say\u0131l\u0131 genelgesi gere\u011fince \u015funlard\u0131r:<\/li>\n<\/ul>\n<p><strong>Gaita K\u00fclt\u00fcr\u00fc<\/strong>\u00a0(Salmonella ve Shigella y\u00f6n\u00fcnden, en az y\u0131lda 1)<br \/>\n<strong>D\u0131\u015fk\u0131n\u0131n mikroskobik incelenmesi<\/strong>\u00a0(E. histoltica kistleri,Giardia Lamblia kistleri ve Helmint yumurtalar\u0131 y\u00f6n\u00fcnden,en az 6 ayda 1)<br \/>\n<strong>Bo\u011faz ve burun k\u00fclt\u00fcr\u00fc<\/strong>\u00a0(S. aureus y\u00f6n\u00fcnden,en az y\u0131lda 1)<br \/>\n<strong>El k\u00fclt\u00fcr\u00fc<\/strong>\u00a0(Y\u0131lda 1)<br \/>\n<strong>Hepatit B a\u015f\u0131s\u0131<\/strong><\/p>\n<ul>\n<li>\u0130\u015fe yeni ba\u015flayanlara ve \u00e7al\u0131\u015fanlara,\u00a0yapt\u0131klar\u0131 i\u015fi g\u00f6z \u00f6n\u00fcne alarak (y\u00fcksekte \u00e7al\u0131\u015fma ve bunun gibi) alt k\u0131s\u0131mda \u00f6rnekleri verilmi\u015f sa\u011fl\u0131k taramas\u0131, tahlil ve tetkik yapt\u0131r\u0131rlar.<\/li>\n<li>Akci\u011fer Grafisi<br \/>\n\u2022 Odiometri (\u0130\u015fitme Testi)<br \/>\n\u2022 Solunum Fonksiyon Testi (SFT)<br \/>\n\u2022 Port\u00f6r Muayenesi<br \/>\n\u2022 A\u015f\u0131lar<br \/>\n\u2022 Laboratuvar hizmetleri;<br \/>\n1. \u0130\u015fe giri\u015f,<br \/>\n2. kan,<br \/>\n3. idrar,<br \/>\n4. \u015feker,<br \/>\n5. hormon,<br \/>\n5. eliza,<br \/>\n6. alerji ve di\u011fer numune tahlilleri,<br \/>\n7. check-up,<br \/>\n8. kanda a\u011f\u0131r metal,<\/li>\n<\/ul>\n<p>Poliklinik Hizmetleri Hastan\u0131n sa\u011fl\u0131k hizmeti gereksiniminin (muayene, tahlil, tedavi, g\u00f6zlem, enjeksiyon, pansuman, a\u015f\u0131lama, t\u0131bbi uygunluk raporlar\u0131 vb.) olabildi\u011fi \u00f6l\u00e7\u00fcde, bulundu\u011fu yerde kar\u015f\u0131lanmas\u0131 prensibiyle \u00e7al\u0131\u015f\u0131lmaktad\u0131r.<br \/>\nSunulan bu hizmet uluslararas\u0131 kabul g\u00f6rm\u00fc\u015f klinik g\u00f6stergeleri ile \u00f6l\u00e7\u00fclmekte, ve kalite kriterlerimiz do\u011frultusunda sonu\u00e7lar takip edilmekte ve kliniklerimizde hizmet sunan t\u00fcm personelimiz bu sonu\u00e7lardan elde edilen verilerle kurum i\u00e7i e\u011fitimler ile desteklenerek hep daha iyiye ula\u015fmaya \u00e7al\u0131\u015f\u0131lmaktad\u0131r.<br \/>\nMobil Sa\u011fl\u0131k Hizmetleri Mobil tarama ara\u00e7lar\u0131yla i\u015fletmeler, okullar gibi yo\u011fun ya\u015fam alanlar\u0131nda, yerinde tetkik ve tarama hizmetleri verilmektedir.[\/vc_column_text]<\/div><\/div><div><span class=\"cz_acc_child\"><div>Di\u011fer Sa\u011fl\u0131k Personeli Hizmetlerimiz<\/div><\/span><div class=\"cz_acc_child_content clr\">[vc_column_text]6331 say\u0131l\u0131 \u0130\u015f Sa\u011fl\u0131\u011f\u0131 ve G\u00fcvenli\u011fi Kanunu\u2019nun 6, 7, ve 8 inci maddeleri gere\u011fi i\u015fverenler i\u015f sa\u011fl\u0131\u011f\u0131 ve g\u00fcvenli\u011fi hizmetlerini sa\u011flamakla y\u00fck\u00fcml\u00fcl\u00fckt\u00fcr. \u0130\u015f sa\u011fl\u0131\u011f\u0131 ve g\u00fcvenli\u011fi hizmetleri kapsam\u0131nda yeralan di\u011fer sa\u011fl\u0131k personeli hizmetinin a\u015fa\u011f\u0131da belirtilen kriterlere uygun olarak yerine getirilmesi gereklidir.<\/p>\n<p>20.07.2013 tarihli ve 28713 say\u0131l\u0131 Resmi Gazete\u2019de yay\u0131mlanan \u201c\u0130\u015fyeri Hekimi ve Di\u011fer Sa\u011fl\u0131k Personelinin G\u00f6rev, Yetki, Sorumluluk ve E\u011fitimleri Hakk\u0131nda Y\u00f6netmelik di\u011fer sa\u011fl\u0131k personeli hizmeti ile ilgili esaslar\u0131 belirlemi\u015ftir. Di\u011fer sa\u011fl\u0131k personeli, i\u015f sa\u011fl\u0131\u011f\u0131 ve g\u00fcvenli\u011fi hizmetleri kapsam\u0131nda a\u015fa\u011f\u0131daki g\u00f6revleri yapmakla y\u00fck\u00fcml\u00fcd\u00fcr.<\/p>\n<ul>\n<li>\u0130\u015f sa\u011fl\u0131\u011f\u0131 ve g\u00fcvenli\u011fi hizmetlerinin planlanmas\u0131, de\u011ferlendirilmesi, izlenmesi ve y\u00f6nlendirilmesinde i\u015fyeri hekimi ile birlikte \u00e7al\u0131\u015fmak, veri toplamak ve gerekli kay\u0131tlar\u0131 tutmak.<\/li>\n<li>\u00c7al\u0131\u015fanlar\u0131n sa\u011fl\u0131k ve \u00e7al\u0131\u015fma \u00f6yk\u00fclerini i\u015fe giri\u015f\/periyodik muayene formuna yazmak ve i\u015fyeri hekimi taraf\u0131ndan yap\u0131lan fizik muayene s\u0131ras\u0131nda hekime yard\u0131mc\u0131 olmak.<\/li>\n<li>\u00d6zel politika gerektiren gruplar\u0131n takip edilmesi ve gerekli sa\u011fl\u0131k muayenelerinin yapt\u0131r\u0131lmas\u0131n\u0131 sa\u011flamak.<\/li>\n<li>\u0130lk yard\u0131m hizmetlerinin organizasyonu ve y\u00fcr\u00fct\u00fcm\u00fcnde i\u015fyeri hekimi ile birlikte \u00e7al\u0131\u015fmak,<\/li>\n<li>\u00c7al\u0131\u015fanlar\u0131n sa\u011fl\u0131k e\u011fitiminde g\u00f6rev almak.<\/li>\n<li>\u0130\u015fyeri bina ve eklentilerinin genel hijyen \u015fartlar\u0131n\u0131n s\u00fcrekli izlenip denetlemesinde i\u015fyeri hekimiyle birlikte \u00e7al\u0131\u015fmak.<\/li>\n<li>\u0130\u015fyeri hekimince verilecek i\u015f sa\u011fl\u0131\u011f\u0131 ve g\u00fcvenli\u011fi ile ilgili di\u011fer g\u00f6revleri y\u00fcr\u00fctmek.<\/li>\n<li>\u0130\u015fyerinde g\u00f6revli \u00e7al\u0131\u015fan temsilcisi ve destek elemanlar\u0131n\u0131n \u00e7al\u0131\u015fmalar\u0131na destek sa\u011flamak ve bu ki\u015filerle i\u015fbirli\u011fi yapmak.<\/li>\n<\/ul>\n<p>Di\u011fer sa\u011fl\u0131k personelinin \u00e7al\u0131\u015fma s\u00fcreleri a\u015fa\u011f\u0131da belirtilmi\u015ftir.<\/p>\n<ul>\n<li>\u00c7ok tehlikeli s\u0131n\u0131fta yer alan 10 ila 49 \u00e7al\u0131\u015fan\u0131 olan i\u015fyerlerinde \u00e7al\u0131\u015fan ba\u015f\u0131na ayda en az 10 dakika.<\/li>\n<li>\u00c7ok tehlikeli s\u0131n\u0131fta yer alan 50 ila 249 \u00e7al\u0131\u015fan\u0131 olan i\u015fyerlerinde \u00e7al\u0131\u015fan ba\u015f\u0131na ayda en az 15 dakika.<\/li>\n<li>\u00c7ok tehlikeli s\u0131n\u0131fta yer alan 250 ve \u00fczeri \u00e7al\u0131\u015fan\u0131 olan i\u015fyerlerinde \u00e7al\u0131\u015fan ba\u015f\u0131na ayda en az 20 dakika.<\/li>\n<\/ul>\n<p>Tam s\u00fcreli i\u015fyeri hekiminin g\u00f6revlendirildi\u011fi i\u015fyerlerinde, di\u011fer sa\u011fl\u0131k personeli g\u00f6revlendirilmesi \u015fart\u0131 aranmaz. Ancak, i\u015f sa\u011fl\u0131\u011f\u0131 ve g\u00fcvenli\u011fi hizmetlerinin daha etkin sunulmas\u0131 amac\u0131yla bu i\u015fyerlerinde, i\u015fyeri hekiminin talebi ve i\u015fverenin uygun g\u00f6rmesi halinde di\u011fer sa\u011fl\u0131k personeli g\u00f6revlendirilebilir.<br \/>\nDi\u011fer sa\u011fl\u0131k personeli olarak, Bakanl\u0131k\u00e7a belgelendirilmi\u015f hem\u015fire, sa\u011fl\u0131k memuru, acil t\u0131p teknisyeni ve \u00e7evre sa\u011fl\u0131\u011f\u0131 teknisyeni diplomas\u0131na sahip olan ki\u015filer ile Bakanl\u0131k\u00e7a verilen i\u015fyeri hem\u015fireli\u011fi belgesine sahip ki\u015fileri g\u00f6rev yapabilir.[\/vc_column_text]<\/div><\/div><div><span class=\"cz_acc_child\"><div>MOB\u0130L SA\u011eLIK H\u0130ZMETLER\u0130M\u0130Z<\/div><\/span><div class=\"cz_acc_child_content clr\">[vc_column_text]<strong>Salutem \u0130\u015f Sa\u011fl\u0131\u011f\u0131 ve G\u00fcvenli\u011fi\u00a0<\/strong>\u00a0olarak \u00a0i\u015fe giri\u015flerde ve periyodik olarak yap\u0131lmas\u0131 zorunlu olan \u00e7al\u0131\u015fanlar\u0131n\u0131z\u0131n sa\u011fl\u0131k tarama ve testleri hakk\u0131nda Mobil Sa\u011fl\u0131k Arac\u0131m\u0131z vas\u0131tas\u0131yla i\u015fyeri s\u0131n\u0131rlar\u0131n\u0131z d\u00e2hilinde gerekli i\u015flemler ele al\u0131nmaktad\u0131r. Bu analiz ve testler uzman doktor g\u00f6r\u00fc\u015f ve yorumlar\u0131ndan sonra i\u015fletmenize veya i\u015fyeri hekiminize teslim edilmektedir. Yap\u0131lm\u0131\u015f olan tarama \u00a0ve raporlamalar dan sonra talep etmeniz durumunda \u00e7al\u0131\u015fanlar\u0131n\u0131z\u0131n i\u015fe giri\u015f ve y\u0131ll\u0131k periyodik sa\u011fl\u0131k muayene raporlar\u0131\u00a0<strong>Salutem \u0130\u015f Sa\u011fl\u0131\u011f\u0131 ve G\u00fcvenli\u011fi<\/strong>\u00a0b\u00fcnyesinde yer alan i\u015f yeri hekimleri taraf\u0131ndan sa\u011fl\u0131k raporlar\u0131 verebilmekteyiz.[\/vc_column_text]<\/div><\/div><\/div><\/div>[\/vc_column][vc_column offset=&#8221;vc_col-lg-4&#8243; css=&#8221;.vc_custom_1531391399212{padding-right: 20px !important;padding-left: 20px !important;}&#8221;]<div class=\"cz_gap clr  hide_on_mobile\" style=\"height: 0px\"><\/div><div class=\"cz_gap show_on_mobile clr\" style=\"height: 50px\"><\/div><div id=\"cz_57202\" class=\"cz_57202 cz_image clr cz_image_no_fx center_on_mobile\"><div class=\"cz_svg_bg\"><div class=\"cz_image_in\"><div class=\"cz_main_image\"><img loading=\"lazy\" decoding=\"async\" width=\"750\" height=\"750\" src=\"https:\/\/salutemosgb.com.tr\/wp-content\/uploads\/2020\/02\/isyeri-hekimligi.jpg\" class=\"attachment-full\" alt=\"\" srcset=\"https:\/\/salutemosgb.com.tr\/wp-content\/uploads\/2020\/02\/isyeri-hekimligi.jpg 750w, https:\/\/salutemosgb.com.tr\/wp-content\/uploads\/2020\/02\/isyeri-hekimligi-150x150.jpg 150w, https:\/\/salutemosgb.com.tr\/wp-content\/uploads\/2020\/02\/isyeri-hekimligi-300x300.jpg 300w, https:\/\/salutemosgb.com.tr\/wp-content\/uploads\/2020\/02\/isyeri-hekimligi-600x600.jpg 600w, https:\/\/salutemosgb.com.tr\/wp-content\/uploads\/2020\/02\/isyeri-hekimligi-100x100.jpg 100w\" sizes=\"auto, (max-width: 750px) 100vw, 750px\" \/><\/div><\/div><\/div><\/div><div class=\"cz_gap clr \" style=\"height: 110px\"><\/div><div id=\"cz_69198\" class=\"cz_69198 cz_title clr cz_title_has_icon cz_title_pos_inline\"><div class=\"cz_title_content\"><i class=\"cz_title_icon_before fa czico-008-chat-2\"><\/i><div class=\"cz_wpe_content\"><h4><span style=\"font-size: 30px;\">Bize Yaz\u0131n<\/span><\/h4>\n<p><span style=\"color: #666666;\">\u0130\u015fyeri hekimli\u011fi konusunda merak ettiklerinizi bize buradan sorabilirsiniz<\/span><\/p>\n<\/div><\/div><\/div><div id=\"cz_94801\" class=\"cz_94801 cz_cf7 clr\"><div>\n<div class=\"wpcf7 no-js\" id=\"wpcf7-f124-o1\" lang=\"en-US\" dir=\"ltr\" data-wpcf7-id=\"124\">\n<div class=\"screen-reader-response\"><p role=\"status\" aria-live=\"polite\" aria-atomic=\"true\"><\/p> <ul><\/ul><\/div>\n<form action=\"\/index.php?rest_route=%2Fwp%2Fv2%2Fpages%2F1404#wpcf7-f124-o1\" method=\"post\" class=\"wpcf7-form init\" aria-label=\"Contact form\" novalidate=\"novalidate\" data-status=\"init\">\n<div style=\"display: none;\">\n<input type=\"hidden\" name=\"_wpcf7\" value=\"124\" \/>\n<input type=\"hidden\" name=\"_wpcf7_version\" value=\"6.0.6\" \/>\n<input type=\"hidden\" name=\"_wpcf7_locale\" value=\"en_US\" \/>\n<input type=\"hidden\" name=\"_wpcf7_unit_tag\" value=\"wpcf7-f124-o1\" \/>\n<input type=\"hidden\" name=\"_wpcf7_container_post\" value=\"0\" \/>\n<input type=\"hidden\" name=\"_wpcf7_posted_data_hash\" value=\"\" \/>\n<\/div>\n<p><span class=\"wpcf7-form-control-wrap\" data-name=\"your-name\"><input size=\"40\" maxlength=\"400\" class=\"wpcf7-form-control wpcf7-text wpcf7-validates-as-required\" aria-required=\"true\" aria-invalid=\"false\" placeholder=\"Ad\u0131n\u0131z (*)\" value=\"\" type=\"text\" name=\"your-name\" \/><\/span>\n<\/p>\n<p><span class=\"wpcf7-form-control-wrap\" data-name=\"your-email\"><input size=\"40\" maxlength=\"400\" class=\"wpcf7-form-control wpcf7-email wpcf7-validates-as-required wpcf7-text wpcf7-validates-as-email\" aria-required=\"true\" aria-invalid=\"false\" placeholder=\"Telefon Numaran\u0131z (*)\" value=\"\" type=\"email\" name=\"your-email\" \/><\/span>\n<\/p>\n<p><span class=\"wpcf7-form-control-wrap\" data-name=\"your-message\"><textarea cols=\"40\" rows=\"10\" maxlength=\"2000\" class=\"wpcf7-form-control wpcf7-textarea\" aria-invalid=\"false\" placeholder=\"Mesaj\u0131n\u0131z\" name=\"your-message\"><\/textarea><\/span>\n<\/p>\n<p><input class=\"wpcf7-form-control wpcf7-submit has-spinner\" type=\"submit\" value=\"Mesaj\u0131 G\u00f6nder\" \/>\n<\/p><div class=\"wpcf7-response-output\" aria-hidden=\"true\"><\/div>\n<\/form>\n<\/div>\n<\/div><\/div>[\/vc_column][\/vc_row]<\/p>\n","protected":false},"excerpt":{"rendered":"<p>[vc_row][vc_column][\/vc_column][\/vc_row][vc_row css=&#8221;.vc_custom_1497126171788{background-position: center !important;background-repeat: no-repeat !important;background-size: cover !important;}&#8221;][vc_column offset=&#8221;vc_col-lg-8&#8243; css=&#8221;.vc_custom_1516136899580{padding-right: 20px !important;}&#8221;][\/vc_column][vc_column offset=&#8221;vc_col-lg-4&#8243; css=&#8221;.vc_custom_1531391399212{padding-right: 20px !important;padding-left: 20px !important;}&#8221;][\/vc_column][\/vc_row] &#8230; <\/p>\n","protected":false},"author":1,"featured_media":0,"parent":0,"menu_order":0,"comment_status":"closed","ping_status":"closed","template":"","meta":{"footnotes":""},"class_list":["post-1404","page","type-page","status-publish","hentry"],"_links":{"self":[{"href":"https:\/\/salutemosgb.com.tr\/index.php?rest_route=\/wp\/v2\/pages\/1404","targetHints":{"allow":["GET"]}}],"collection":[{"href":"https:\/\/salutemosgb.com.tr\/index.php?rest_route=\/wp\/v2\/pages"}],"about":[{"href":"https:\/\/salutemosgb.com.tr\/index.php?rest_route=\/wp\/v2\/types\/page"}],"author":[{"embeddable":true,"href":"https:\/\/salutemosgb.com.tr\/index.php?rest_route=\/wp\/v2\/users\/1"}],"replies":[{"embeddable":true,"href":"https:\/\/salutemosgb.com.tr\/index.php?rest_route=%2Fwp%2Fv2%2Fcomments&post=1404"}],"version-history":[{"count":10,"href":"https:\/\/salutemosgb.com.tr\/index.php?rest_route=\/wp\/v2\/pages\/1404\/revisions"}],"predecessor-version":[{"id":1471,"href":"https:\/\/salutemosgb.com.tr\/index.php?rest_route=\/wp\/v2\/pages\/1404\/revisions\/1471"}],"wp:attachment":[{"href":"https:\/\/salutemosgb.com.tr\/index.php?rest_route=%2Fwp%2Fv2%2Fmedia&parent=1404"}],"curies":[{"name":"wp","href":"https:\/\/api.w.org\/{rel}","templated":true}]}}