{"id":1472,"date":"2020-03-09T02:56:06","date_gmt":"2020-03-08T23:56:06","guid":{"rendered":"https:\/\/salutemosgb.com.tr\/?page_id=1472"},"modified":"2020-03-09T02:59:05","modified_gmt":"2020-03-08T23:59:05","slug":"olcum-ve-muhendislik-hizmetleri","status":"publish","type":"page","link":"https:\/\/salutemosgb.com.tr\/?page_id=1472","title":{"rendered":"\u00d6l\u00e7\u00fcm ve M\u00fchendislik Hizmetleri"},"content":{"rendered":"<p>[vc_row][vc_column]<div class=\"cz_gap clr  hide_on_tablet hide_on_mobile\" style=\"height: 70px\"><\/div><div class=\"cz_gap show_on_tablet clr \" style=\"height: 0px\"><\/div>[\/vc_column][\/vc_row][vc_row css=&#8221;.vc_custom_1497126171788{background-position: center !important;background-repeat: no-repeat !important;background-size: cover !important;}&#8221;][vc_column offset=&#8221;vc_col-lg-8&#8243; css=&#8221;.vc_custom_1516136899580{padding-right: 20px !important;}&#8221;]<div id=\"cz_23903\" class=\"cz_23903 cz_title clr cz_smart_fs cz_title_pos_inline\"><div class=\"cz_title_content\"><div class=\"cz_wpe_content\"><h3 style=\"line-height: 1.3;\"><span style=\"font-size: 38px;\">\u00d6l\u00e7\u00fcm &amp; M\u00fchendislik <span style=\"color: #b61218;\">Hizmetleri<\/span><\/span><\/h3>\n<\/div><\/div><\/div><div class=\"cz_gap clr \" style=\"height: 60px\"><\/div><div id=\"cz_102996\" data-arrows='{\"open\":\"fa fa-angle-down\",\"close\":\"fa fa-angle-up\"}' class=\"cz_102996 cz_acc clr cz_acc_first_open\"><div><div><span class=\"cz_acc_child\"><i class=\"cz-acc-i cz-acc-icon fa fa-bookmark-o\"><\/i><div>Bas\u0131n\u00e7l\u0131 Kap ve Ekipmanlar\u0131n\u0131n Periyodik Kontrolleri<\/div><\/span><div class=\"cz_acc_child_content clr\">[vc_column_text]<strong>Salutem OSGB\u00a0 konusunda uzman ve akredite \u00e7\u00f6z\u00fcm ortaklar\u0131yla<\/strong>; Bas\u0131n\u00e7l\u0131 kap ve ekipmanlar\u0131n periyodik kontrollerinde i\u015fletmenizin talepleri ve \u00e7al\u0131\u015fma s\u00fcre\u00e7lerinizi g\u00f6z \u00f6n\u00fcnde bulundurularak sizlere en pratik ve do\u011fru test ve kontrol metotlar\u0131yla hizmet sunmaktad\u0131r.<\/p>\n<p>Bas\u0131n\u00e7l\u0131 kap, tesisat ve ekipmanlar\u0131n\u0131n testlerinde genel itibariyle ilgili imalat ve kullan\u0131m standartlar\u0131 e\u015fli\u011finde Hidrostatik Test (Bas\u0131n\u00e7 Testi) metotlar\u0131 uygulanmakla beraber zorunlu hallerde (i\u015fletme ve tesislerin uygun olmad\u0131\u011f\u0131 durumlar ve\/veya bas\u0131n\u00e7l\u0131 kap ve ekipmanlar\u0131n\u0131n durdurulamad\u0131\u011f\u0131 hallerde) hidrostatik testin yap\u0131lamamas\u0131 sonucu tahribats\u0131z muayene y\u00f6ntemleri ile periyodik kontroller yap\u0131labilmektedir.<\/p>\n<p>Bas\u0131n\u00e7l\u0131 kap, ekipman ve tesisatlar\u0131n\u0131n periyodik kontrol aral\u0131\u011f\u0131 ve kriterleri; varsa imalat\u00e7\u0131n\u0131n \u00f6ng\u00f6rd\u00fc\u011f\u00fc aral\u0131k ve kriterlerde yap\u0131l\u0131r. \u0130malat\u00e7\u0131 taraf\u0131ndan bu \u00f6zellikler belirlenmemi\u015f ise i\u015f ekipman\u0131n\u0131n periyodik kontrol\u00fc, bulundu\u011fu i\u015fyeri ortam ko\u015fullar\u0131, kullan\u0131m s\u0131kl\u0131\u011f\u0131 ile kullan\u0131m s\u00fcresi gibi fakt\u00f6rler g\u00f6z \u00f6n\u00fcnde bulundurularak, i\u015f g\u00fcvenli\u011fi profesyonellerince yap\u0131lacak risk de\u011ferlendirmesi sonu\u00e7lar\u0131na g\u00f6re, belirlenecek aral\u0131klarda yap\u0131l\u0131r.<\/p>\n<p>Bas\u0131n\u00e7l\u0131 kap ve ekipmanlar\u0131n periyodik kontrolleri; i\u015fletme ko\u015fullar\u0131n\u0131za g\u00f6re akreditasyon kapsam\u0131nda yetkilendirilmi\u015f teknik kontrol\u00f6rlerimiz vas\u0131tas\u0131yla ger\u00e7ekle\u015ftirilmektedir.<\/p>\n<p>Taraf\u0131m\u0131zca ger\u00e7ekle\u015ftirilen periyodik kontroller sonucu sunulan raporlar, y\u00f6netmelikte belirtilen istisnalar d\u0131\u015f\u0131nda bir y\u0131l ge\u00e7erlili\u011fe sahiptir.<\/p>\n<p>T\u00fcm bas\u0131n\u00e7l\u0131 kap, tesisat ve ekipmanlar\u0131n\u0131z\u0131n periyodik kontrol uygulamalar\u0131nda 3. taraf ba\u011f\u0131ms\u0131z akredite kontrol hizmeti sunalarak \u00a0\u00fccretsiz ke\u015fif ve bilgi talebinde bulunmak i\u00e7in bizimle ileti\u015fime ge\u00e7ebilirsiniz.[\/vc_column_text]<\/div><\/div><div><span class=\"cz_acc_child\"><div>Kald\u0131rma ve \u0130letme Ekipmanlar\u0131n\u0131n Periyodik Kontrolleri<\/div><\/span><div class=\"cz_acc_child_content clr\">[vc_column_text]\u0130\u015fletmelerde s\u00fcrekli kullan\u0131lan kald\u0131rma ve iletme ekipmanlar\u0131n\u0131z\u0131n belirli periyotlarda kontrol edilmesi pek\u00e7ok olumsuz sonucu engelleyecektir. Gerek \u0130\u015f Ekipmanlar\u0131n\u0131n Kullan\u0131m\u0131nda Sa\u011fl\u0131k ve G\u00fcvenlik \u015eartlar\u0131 Y\u00f6netmeli\u011fi gerekse di\u011fer \u0130\u015f Kanunu\u2019na ba\u011fl\u0131 di\u011fer y\u00f6netmeliklerin \u00f6ng\u00f6rd\u00fc\u011f\u00fc, \u00e7al\u0131\u015fan sa\u011fl\u0131\u011f\u0131n\u0131 korumaya d\u00f6n\u00fck en \u00f6nemli parametrelerden biri olan kald\u0131rma ekipmanlar\u0131, \u00e7al\u0131\u015fma yo\u011funlu\u011funa ba\u011fl\u0131 olarak y\u0131lda en az bir kez periyodik kontrol edilmelidir.<\/p>\n<p><strong>Salutem OSGB\u00a0 konusunda uzman ve akredite \u00e7\u00f6z\u00fcm ortaklar\u0131yla<\/strong>; kald\u0131rma ve iletme ekipmanlar\u0131n periyodik kontrolleri ilgili imalat ve kullan\u0131m standartlar\u0131 e\u015fli\u011finde statik ve dinamik y\u00fck testleri yapmaktad\u0131r. Bu y\u00fck testleri, i\u015fletmedeki ekipmanlar\u0131n\u0131z\u0131n kapasitelerine g\u00f6re daha \u00f6nce taraf\u0131n\u0131zdan haz\u0131rlanm\u0131\u015f y\u00fckler olabilece\u011fi gibi talep edilmesi durumunda taraf\u0131m\u0131zdan \u00f6nerilecek nitelikte deney y\u00fckleri de temin edilebilmektedir.<\/p>\n<p>Kald\u0131rma ve iletme ekipmanlar\u0131 kontrol\u00fcnde y\u00fck testi; ilgili standartlarda aksi belirtilmedi\u011fi s\u00fcrece, beyan edi\u00adlen y\u00fck\u00fcn en az 1.10 ve 1.25 kat\u0131 fazlas\u0131 ile yap\u0131lmaktad\u0131r. Bu testte ekipman, y\u00fck\u00fc, etkili ve g\u00fcvenli bir \u015fekilde kald\u0131rmal\u0131 ve ask\u0131da tutabilecek g\u00fc\u00e7te olmal\u0131d\u0131r. Ekipman\u0131n, bu y\u00fcke dayan\u0131kl\u0131 olmas\u0131 ve yeterli y\u00fck freninin bulunmas\u0131n\u0131 zorunlu k\u0131l\u0131nm\u0131\u015ft\u0131r.<\/p>\n<p>Kald\u0131rma ve iletme ekipmanlar\u0131n\u0131z\u0131n periyodik kontrolleri; i\u015fletme ko\u015fullar\u0131n\u0131za g\u00f6re akreditasyon kapsam\u0131nda yetkilendirilmi\u015f teknik kontrol\u00f6rlerimiz vas\u0131tas\u0131yla ger\u00e7ekle\u015ftirilmektedir.<\/p>\n<p>Taraf\u0131m\u0131zdan ger\u00e7ekle\u015ftirilen periyodik kontroller sonucu taraf\u0131n\u0131za sunulan raporlar\u0131n ge\u00e7erlilik s\u00fcreleri y\u00f6netmelikte belirtilen istisnalar d\u0131\u015f\u0131nda bir y\u0131ld\u0131r.<\/p>\n<p>T\u00fcm kald\u0131rma ve iletme makine ve ekipmanlar\u0131n\u0131z\u0131n periyodik kontrol uygulamalar\u0131nda 3. taraf ba\u011f\u0131ms\u0131z akredite kontrol hizmeti sunan\u00a0<strong>Salutem OSGB\u00a0 konusunda uzman ve akredite \u00e7\u00f6z\u00fcm ortaklar\u0131yla<\/strong> \u2018den \u00fccretsiz ke\u015fif ve bilgi talebinde bulunmak i\u00e7in bizimle ileti\u015fime ge\u00e7ebilirsiniz.[\/vc_column_text]<\/div><\/div><div><span class=\"cz_acc_child\"><div>Elektrik Tesisatlar\u0131 Test ve Periyodik Kontrolleri<\/div><\/span><div class=\"cz_acc_child_content clr\">[vc_column_text]Elektrikli makine, ekipman ve tesisatlar i\u015fyerlerinde en \u00f6nemli tehlike kaynaklar\u0131 olarak kar\u015f\u0131m\u0131za \u00e7\u0131kmaktad\u0131rlar. \u00dcretimlerin vazge\u00e7ilmez enerji kayna\u011f\u0131 olan elektrik ve ilgili t\u00fcm makine ve ekipmanlar\u0131n\u0131n periyodik olarak test ve kontrole tabi tutulmas\u0131 hem \u00e7al\u0131\u015fan sa\u011fl\u0131\u011f\u0131n\u0131, hem de \u00fcretimde devaml\u0131l\u0131\u011f\u0131 sa\u011flayacakt\u0131r.<\/p>\n<p>Elektrik \u0130\u00e7 Tesisleri Y\u00f6netmeli\u011fi Madde-2 gere\u011fince; yeni kurulacak tesislerde uygulanmas\u0131 gerekti\u011fi ve kurulu mevcut tesislerde ise, olumsuz sonu\u00e7lara neden olabilecek durumlar sebebiyle uygulanmas\u0131 zorunlulu\u011fu bulunmaktad\u0131r.<\/p>\n<p>Ayr\u0131ca; \u0130\u015fyeri Bina ve Eklentilerinde Al\u0131nacak Sa\u011fl\u0131k ve G\u00fcvenlik \u00d6nlemlerine \u0130li\u015fkin Y\u00f6netmelik Ek-1 Madde-5\u2019te yer alan Elektrik Tesisat\u0131 ile ilgili h\u00fck\u00fcmler gere\u011fince;<\/p>\n<p>\u201cElektrik tesisat\u0131n\u0131n; projelendirilmesi, kurulmas\u0131, malzemesinin ve koruyucu cihazlar\u0131n\u0131n se\u00e7imi kullan\u0131lacak gerilime ve ortam \u015fartlar\u0131na uygun olarak yap\u0131l\u0131r. Bak\u0131m\u0131, onar\u0131m\u0131, kontrol\u00fc ve i\u015fletilmesi sa\u011flan\u0131r. Bu kapsamda yap\u0131lacak testlerde TS HD 60364-4-43 standard\u0131 g\u00f6z \u00f6n\u00fcnde bulundurulur ve gerekli kay\u0131tlar tutulur.\u201d<\/p>\n<p>Yukar\u0131daki y\u00f6netmelik mevzuatlar\u0131na g\u00f6re i\u015fverenlerin, elektrik tesisatlar\u0131 periyodik kontrollerini belirli periyotlarda (1 y\u0131l) yapt\u0131rmalar\u0131 ve kontrol raporlar\u0131n\u0131 muhafaza etmeleri \u00f6nem arz etmektedir.<\/p>\n<p>\u0130\u015fletme ve \u00fcretimin kayna\u011f\u0131 olan elektrik tesisatlar\u0131n\u0131n g\u00fcvenli halde kullan\u0131m\u0131 ancak bu tesisatlar\u0131n y\u0131lda bir kez kontrol\u00fc ile sa\u011flanabilmektedir.<\/p>\n<p><strong>Salutem OSGB\u00a0 konusunda uzman ve akredite \u00e7\u00f6z\u00fcm ortaklar\u0131yla<\/strong>; i\u015fletmenizde elektri\u011fin g\u00fcvenli kullan\u0131m\u0131n\u0131 sa\u011flayan topraklama tesisatlar\u0131n\u0131n, enerji hatlar\u0131n\u0131n, ka\u00e7ak ak\u0131m r\u00f6lelerinin, da\u011f\u0131t\u0131m\u0131 sa\u011flayan elektrik pano ve ba\u011flant\u0131lar\u0131n\u0131n uygunluk test ve g\u00f6zetimlerini ger\u00e7ekle\u015ftirmektedir. Ayr\u0131ca yerden giden hatlara dair katodik koruma \u00f6l\u00e7\u00fcmlerini yapmaktad\u0131r.<\/p>\n<p>Bu kapsamda elektrikle \u00e7al\u0131\u015fan t\u00fcm makine, ekipman ve tesisatlar\u0131n test ve kontrollerini, kalibre edilmi\u015f elektrik \u00f6l\u00e7\u00fcm ve test ara\u00e7lar\u0131 ile sa\u011flamaktad\u0131r.<\/p>\n<p>T\u00fcm elektrik tesisat\u0131 uygunluk kontrollerinizin uygulamalar\u0131nda 3. Taraf ba\u011f\u0131ms\u0131z kontrol hizmeti sunan\u00a0<strong>Salutem OSGB\u00a0 konusunda uzman ve akredite \u00e7\u00f6z\u00fcm ortaklar\u0131yla<\/strong> \u2018dan \u00fccretsiz ke\u015fif ve bilgi talebinde bulunmak i\u00e7in bizimle ileti\u015fime ge\u00e7ebilirsiniz.[\/vc_column_text]<\/div><\/div><div><span class=\"cz_acc_child\"><div>\u0130\u015f Makinelerinin Periyodik Kontrolleri<\/div><\/span><div class=\"cz_acc_child_content clr\">[vc_column_text]Periyodik kontrole tabi olan ekipmanlar aras\u0131nda bulunan, i\u015f makineleri, yapt\u0131klar\u0131 i\u015fin tehlikesi a\u00e7\u0131s\u0131ndan de\u011ferlendirildi\u011finde ihmal edilemeyecek d\u00fczeyde \u00f6neme sahiptirler.<\/p>\n<p>\u0130\u015f Makineleri, \u201cMakine Emniyeti Y\u00f6netmeli\u011fi (2006\/42\/AT)\u201d ile \u201c\u0130\u015f Ekipmanlar\u0131n\u0131n Kullan\u0131m\u0131nda Sa\u011fl\u0131k ve G\u00fcvenlik \u015eartlar\u0131 Y\u00f6netmeli\u011fi\u201d kapsam\u0131nda de\u011ferlendirilmekte ve periyodik kontrollerinin yap\u0131lmas\u0131 zorunlu olan makineler olarak ele al\u0131nmaktad\u0131r.<\/p>\n<p>\u0130malat s\u00fcre\u00e7lerinizde kullan\u0131lan i\u015f makinelerinizin periyodik kontrol uygulamalar\u0131nda 3. taraf ba\u011f\u0131ms\u0131z akredite kontrol hizmeti sunan\u00a0<strong>Salutem OSGB\u00a0 konusunda uzman ve akredite \u00e7\u00f6z\u00fcm ortaklar\u0131n\u2019dan<\/strong> \u00fccretsiz ke\u015fif ve bilgi talebinde bulunmak i\u00e7in bizimle ileti\u015fime ge\u00e7ebilirsiniz.[\/vc_column_text]<\/div><\/div><div><span class=\"cz_acc_child\"><div>Tezgah ve \u00dcretim Makineleri Periyodik Kontrolleri<\/div><\/span><div class=\"cz_acc_child_content clr\">[vc_column_text]Sanayi \u00fcretiminin b\u00fcy\u00fck k\u0131sm\u0131n\u0131 olu\u015fturan tezgahlar\u0131n periyodik kontrolleri, Makine Emniyeti Direktifi ve \u0130\u015f Ekipmanlar\u0131n\u0131n Kullan\u0131m\u0131nda Sa\u011fl\u0131k ve G\u00fcvenlik \u015eartlar\u0131 Y\u00f6netmeli\u011fi gere\u011fi zorunlu k\u0131l\u0131nm\u0131\u015ft\u0131r.<\/p>\n<p>Tezgahlar da dahil olmak \u00fczere i\u015f ekipmanlar\u0131n\u0131n periyodik kontrolleri; periyodik kontrol aral\u0131\u011f\u0131 ve kriterleri ilgili \u00fcretim ve kullan\u0131m standartlar\u0131 g\u00f6z \u00f6n\u00fcnde bulundurularak, varsa imalat\u00e7\u0131n\u0131n \u00f6ng\u00f6rd\u00fc\u011f\u00fc aral\u0131k ve kriterlerde yap\u0131l\u0131r. Bu hususlar, imalat\u00e7\u0131 taraf\u0131ndan belirlenmemi\u015f ise i\u015f ekipman\u0131n\u0131n periyodik kontrol\u00fc, bulundu\u011fu i\u015fyeri ortam ko\u015fullar\u0131, kullan\u0131m s\u0131kl\u0131\u011f\u0131 ile kullan\u0131m s\u00fcresi gibi fakt\u00f6rlere ve yap\u0131lacak risk de\u011ferlendirmesi sonu\u00e7lar\u0131na g\u00f6re belirlenecek aral\u0131klarda yap\u0131l\u0131r. Belirlenen periyodik kontrol aral\u0131\u011f\u0131n\u0131n, y\u00f6netmelikte belirtilen istisnalar d\u0131\u015f\u0131nda bir y\u0131l\u0131 a\u015fmamas\u0131 gerekmektedir.<\/p>\n<p>Tezgahlar\u0131n\u0131z\u0131n periyodik kontrol uygulamalar\u0131nda 3. taraf ba\u011f\u0131ms\u0131z akredite kontrol hizmeti sunan\u00a0<strong>Salutem OSGB\u00a0 konusunda uzman ve akredite \u00e7\u00f6z\u00fcm ortaklar\u0131n\u2019dan<\/strong> \u00fccretsiz ke\u015fif ve bilgi talebinde bulunmak i\u00e7in bizimle ileti\u015fime ge\u00e7iniz.[\/vc_column_text]<\/div><\/div><div><span class=\"cz_acc_child\"><div>Yang\u0131n Tesisat\u0131 Periyodik Kontrolleri<\/div><\/span><div class=\"cz_acc_child_content clr\">[vc_column_text]<strong>Salutem OSGB\u00a0 konusunda uzman ve akredite \u00e7\u00f6z\u00fcm ortaklar\u0131yla<\/strong>\u00a0ger\u00e7ekle\u015ftirdi\u011fi yang\u0131n tesisat\u0131 periyodik kontrolleri sonucunda g\u00f6zlemlenen eksiklikleri ve uygunsuzluklar\u0131\u00a0 raporlayarak, i\u015fletmenizde meydana gelebilecek tehlikeli durumlar\u0131n \u00f6n\u00fcne ge\u00e7ilmesine yard\u0131mc\u0131 olarak yasal gerekliliklerinizi yerine getirmenizi sa\u011flamaktad\u0131r.[\/vc_column_text]<\/div><\/div><div><span class=\"cz_acc_child\"><div>Havaland\u0131rma Sistemi Periyodik Kontrolleri<\/div><\/span><div class=\"cz_acc_child_content clr\">[vc_column_text]<strong>Salutem OSGB\u00a0 konusunda uzman ve akredite \u00e7\u00f6z\u00fcm ortaklar\u0131yla <\/strong>ger\u00e7ekle\u015ftirdi\u011fi havaland\u0131rma kontrolleri sonucunda g\u00f6zlemlenen eksiklikleri ve uygunsuzluklar\u0131\u00a0 raporlayarak, i\u015fletmenizde meydana gelebilecek tehlikeli durumlar\u0131n \u00f6n\u00fcne ge\u00e7ilmesine yard\u0131mc\u0131 olarak yasal gerekliliklerinizi yerine getirmenizi sa\u011flar.[\/vc_column_text]<\/div><\/div><div><span class=\"cz_acc_child\"><div>Raf Statik Analizi ve Periyodik Kontrolleri<\/div><\/span><div class=\"cz_acc_child_content clr\">[vc_column_text]<strong>Salutem OSGB\u00a0 konusunda uzman ve akredite \u00e7\u00f6z\u00fcm ortaklar\u0131 <\/strong>taraf\u0131ndan yap\u0131lan incelemeler ve \u00f6l\u00e7\u00fcmler do\u011frultusunda raf sistemlerinizin sim\u00fclasyonlar\u0131 bilgisayar destekli \u00e7izim programlar\u0131 ile yap\u0131larak, raf\u0131n\u0131z\u0131n ger\u00e7ek kapasitesi belirlenir. Ayr\u0131ca her sene yap\u0131lan periyodik kontrollerle raflar\u0131n\u0131z\u0131n eksiklikleri belirlenip raporlanarak, olas\u0131 tehlikelere kar\u015f\u0131 \u00f6nleminizi al\u0131p, i\u015fletmenizdeki raflar\u0131n kullan\u0131m \u00f6m\u00fcrlerini uzatabilirsiniz.[\/vc_column_text]<\/div><\/div><div><span class=\"cz_acc_child\"><div>Periyodik Kontrol Zorunlulu\u011fu<\/div><\/span><div class=\"cz_acc_child_content clr\">[vc_column_text]\u0130\u015f Sa\u011fl\u0131\u011f\u0131 ve G\u00fcvenli\u011fi Kanunu\u2019na ba\u011fl\u0131 olarak 25 Nisan 2013 tarihinde \u2018\u2019\u00a0<u>\u0130\u015f Ekipmanlar\u0131n\u0131n Kullan\u0131m\u0131nda Sa\u011fl\u0131k ve G\u00fcvenlik \u015eartlar\u0131 Y\u00f6netmeli\u011fi\u2019\u2019\u00a0<\/u>yay\u0131nlanm\u0131\u015ft\u0131r. \u0130lgili y\u00f6netmeli\u011fin 2. b\u00f6l\u00fcm\u00fcnde yer alan 5. maddesinde \u2018(1) \u0130\u015fveren, i\u015fyerinde kullan\u0131lacak i\u015f ekipman\u0131n\u0131n yap\u0131lacak i\u015fe uygun olmas\u0131 ve bu ekipman\u0131n \u00e7al\u0131\u015fanlara sa\u011fl\u0131k ve g\u00fcvenlik y\u00f6n\u00fcnden zarar vermemesi i\u00e7in gerekli t\u00fcm tedbirleri al\u0131r\u2019 denmektedir.<\/p>\n<p>Yine bu y\u00f6netmeli\u011fin Ek-3 2. Maddesinde \u2018<strong>Periyodik Kontrole Tabi \u0130\u015f Ekipmanlar\u0131\u2019<\/strong>\u00a0olarak adland\u0131r\u0131lan bas\u0131n\u00e7l\u0131 kap ve tesisatlar, kald\u0131rma ve iletme ekipmanlar\u0131, i\u015fletmeye yard\u0131mc\u0131 t\u00fcm tesisatlar ve \u00fcretimde kullan\u0131lan makine ve tezgahlar\u0131n periyodik teknik kontrollere tabi oldu\u011fu vurgulanm\u0131\u015f ve bu kontrollere yetkili ki\u015fi ve kurumlar belirtilmi\u015ftir.<\/p>\n<p><strong>PER\u0130YOD\u0130K KONTROL VE \u0130\u015e H\u0130JYEN\u0130 \u00d6L\u00c7\u00dcM KAPSAMIMIZ<\/strong><\/p>\n<p><strong>MAK\u0130NE PER\u0130YOD\u0130K\u00a0KONTROLLER\u0130<\/strong><\/p>\n<ul>\n<li>Bas\u0131n\u00e7l\u0131 Kap ve Ekipmanlar\u0131<\/li>\n<li>Kald\u0131rma ve \u0130letme Ekipmanlar\u0131<\/li>\n<li>\u0130\u015f Makineleri ve Ekipmanlar\u0131<\/li>\n<li>Tezgahlar ve \u00dcretim Makineleri<\/li>\n<\/ul>\n<p>&nbsp;<\/p>\n<p><strong>ELEKTR\u0130K KONTROLLER\u0130<\/strong><\/p>\n<ul>\n<li>Elektrik Test ve \u00d6l\u00e7\u00fcmleri<\/li>\n<li>Elektrik Tesisat Kontrolleri<\/li>\n<li>Topraklama Tesisat\u0131 Kontrolleri<\/li>\n<li>Jenerat\u00f6r Test ve Kontrolleri<\/li>\n<li>Ak\u00fcm\u00fclat\u00f6r, Transformat\u00f6r<\/li>\n<\/ul>\n<p>&nbsp;<\/p>\n<p><strong>NDT KONTROLLER\u0130 (TAHR\u0130BATSIZ MUAYENE)<\/strong><\/p>\n<ul>\n<li>G\u00f6rsel Muayene<\/li>\n<li>S\u0131v\u0131 Penetrant Muayenesi<\/li>\n<li>Manyetik Par\u00e7ac\u0131k Muayenesi<\/li>\n<li>Ultrasonik Muayene<\/li>\n<li>Radyografik Muayene<\/li>\n<\/ul>\n<p>&nbsp;<\/p>\n<p><strong>TES\u0130SAT KONTROLLER\u0130<\/strong><\/p>\n<ul>\n<li>Yang\u0131n Tesisatlar\u0131 ve Motopomplar<\/li>\n<li>Havaland\u0131rma ve Klima Tesisatlar\u0131<\/li>\n<li>Boru Tesisatlar\u0131 (Bas\u0131n\u00e7l\u0131 Tesisatlar)<\/li>\n<li>Kazan Dairesi Uygunluk Kontrolleri<\/li>\n<\/ul>\n<p>&nbsp;<\/p>\n<ul>\n<li><strong>\u0130\u015e H\u0130JYEN\u0130 \u00d6L\u00c7\u00dcMLER\u0130 (\u0130\u015eYER\u0130 \u0130\u00c7 ORTAM \u00d6L\u00c7\u00dcMLER\u0130)<\/strong><\/li>\n<li>Ki\u015fisel G\u00fcr\u00fclt\u00fc Maruziyeti \u00d6l\u00e7\u00fcm\u00fc<\/li>\n<li>\u0130\u015fyeri Ortam\u0131 G\u00fcr\u00fclt\u00fc \u00f6l\u00e7\u00fcmleri ve G\u00fcr\u00fclt\u00fc Haritas\u0131 \u00c7izilmesi<\/li>\n<li>Ki\u015fisel Solunabilir Tozlar\u0131n Konsantrasyonu<\/li>\n<li>\u0130\u015fyeri Ortam\u0131 Solunabilir Tozlar\u0131n Konsantrasyonu<\/li>\n<li>\u0130\u015fyeri Toz \u00d6l\u00e7\u00fcm\u00fc ve Haritas\u0131 \u00c7izilmesi<\/li>\n<li>Ki\u015fisel Titre\u015fim Maruziyeti<\/li>\n<li>\u0130\u015fyeri Ayd\u0131nlatma \u00d6l\u00e7\u00fcm\u00fc ve Haritas\u0131 \u00c7izilmesi<\/li>\n<li>Havadaki Kimyasal Konsantrasyonlar\u0131 (Ki\u015fisel ve \u0130\u015fyeri Ortam\u0131)<\/li>\n<li>\u0130\u015fyeri Termal Konfor \u00d6l\u00e7\u00fcm\u00fc (Nem,Is\u0131 Vb.)<\/li>\n<li>\u0130\u015fyeri Organik Buhar \u00d6l\u00e7\u00fcm\u00fc<\/li>\n<li>\u0130\u015fyeri Gaz Buhar \u00d6l\u00e7\u00fcm\u00fc<\/li>\n<li>Baca Gaz\u0131 (Emisyon) Analizleri<\/li>\n<li>U\u00e7ucu Organik Bile\u015fenler (Voc)<\/li>\n<li>Hava Kalitesi \u00d6l\u00e7\u00fcm\u00fc ve Modellemesi<\/li>\n<li>Asbest \u00d6l\u00e7\u00fcm ve Numune Alma \u0130\u015flemleri<\/li>\n<li>Radyasyon \u00d6l\u00e7\u00fcmleri<\/li>\n<\/ul>\n<p>[\/vc_column_text]<\/div><\/div><\/div><\/div>[\/vc_column][vc_column offset=&#8221;vc_col-lg-4&#8243; css=&#8221;.vc_custom_1531391399212{padding-right: 20px !important;padding-left: 20px !important;}&#8221;]<div class=\"cz_gap clr  hide_on_mobile\" style=\"height: 0px\"><\/div><div class=\"cz_gap show_on_mobile clr\" style=\"height: 50px\"><\/div><div id=\"cz_56598\" class=\"cz_56598 cz_image clr cz_image_no_fx center_on_mobile\"><div class=\"cz_svg_bg\"><div class=\"cz_image_in\"><div class=\"cz_main_image\"><img loading=\"lazy\" decoding=\"async\" width=\"750\" height=\"750\" src=\"https:\/\/salutemosgb.com.tr\/wp-content\/uploads\/2020\/03\/olcum.jpg\" class=\"attachment-full\" alt=\"\" srcset=\"https:\/\/salutemosgb.com.tr\/wp-content\/uploads\/2020\/03\/olcum.jpg 750w, https:\/\/salutemosgb.com.tr\/wp-content\/uploads\/2020\/03\/olcum-300x300.jpg 300w, https:\/\/salutemosgb.com.tr\/wp-content\/uploads\/2020\/03\/olcum-150x150.jpg 150w, https:\/\/salutemosgb.com.tr\/wp-content\/uploads\/2020\/03\/olcum-600x600.jpg 600w, https:\/\/salutemosgb.com.tr\/wp-content\/uploads\/2020\/03\/olcum-100x100.jpg 100w\" sizes=\"auto, (max-width: 750px) 100vw, 750px\" \/><\/div><\/div><\/div><\/div><div class=\"cz_gap clr \" style=\"height: 110px\"><\/div><div id=\"cz_69198\" class=\"cz_69198 cz_title clr cz_title_has_icon cz_title_pos_inline\"><div class=\"cz_title_content\"><i class=\"cz_title_icon_before fa czico-008-chat-2\"><\/i><div class=\"cz_wpe_content\"><h4><span style=\"font-size: 30px;\">Bize Yaz\u0131n<\/span><\/h4>\n<p><span style=\"color: #666666;\">\u0130\u015fyeri hekimli\u011fi konusunda merak ettiklerinizi bize buradan sorabilirsiniz<\/span><\/p>\n<\/div><\/div><\/div><div id=\"cz_94801\" class=\"cz_94801 cz_cf7 clr\"><div>\n<div class=\"wpcf7 no-js\" id=\"wpcf7-f124-o1\" lang=\"en-US\" dir=\"ltr\" data-wpcf7-id=\"124\">\n<div class=\"screen-reader-response\"><p role=\"status\" aria-live=\"polite\" aria-atomic=\"true\"><\/p> <ul><\/ul><\/div>\n<form action=\"\/index.php?rest_route=%2Fwp%2Fv2%2Fpages%2F1472#wpcf7-f124-o1\" method=\"post\" class=\"wpcf7-form init\" aria-label=\"Contact form\" novalidate=\"novalidate\" data-status=\"init\">\n<div style=\"display: none;\">\n<input type=\"hidden\" name=\"_wpcf7\" value=\"124\" \/>\n<input type=\"hidden\" name=\"_wpcf7_version\" value=\"6.0.6\" \/>\n<input type=\"hidden\" name=\"_wpcf7_locale\" value=\"en_US\" \/>\n<input type=\"hidden\" name=\"_wpcf7_unit_tag\" value=\"wpcf7-f124-o1\" \/>\n<input type=\"hidden\" name=\"_wpcf7_container_post\" value=\"0\" \/>\n<input type=\"hidden\" name=\"_wpcf7_posted_data_hash\" value=\"\" \/>\n<\/div>\n<p><span class=\"wpcf7-form-control-wrap\" data-name=\"your-name\"><input size=\"40\" maxlength=\"400\" class=\"wpcf7-form-control wpcf7-text wpcf7-validates-as-required\" aria-required=\"true\" aria-invalid=\"false\" placeholder=\"Ad\u0131n\u0131z (*)\" value=\"\" type=\"text\" name=\"your-name\" \/><\/span>\n<\/p>\n<p><span class=\"wpcf7-form-control-wrap\" data-name=\"your-email\"><input size=\"40\" maxlength=\"400\" class=\"wpcf7-form-control wpcf7-email wpcf7-validates-as-required wpcf7-text wpcf7-validates-as-email\" aria-required=\"true\" aria-invalid=\"false\" placeholder=\"Telefon Numaran\u0131z (*)\" value=\"\" type=\"email\" name=\"your-email\" \/><\/span>\n<\/p>\n<p><span class=\"wpcf7-form-control-wrap\" data-name=\"your-message\"><textarea cols=\"40\" rows=\"10\" maxlength=\"2000\" class=\"wpcf7-form-control wpcf7-textarea\" aria-invalid=\"false\" placeholder=\"Mesaj\u0131n\u0131z\" name=\"your-message\"><\/textarea><\/span>\n<\/p>\n<p><input class=\"wpcf7-form-control wpcf7-submit has-spinner\" type=\"submit\" value=\"Mesaj\u0131 G\u00f6nder\" \/>\n<\/p><div class=\"wpcf7-response-output\" aria-hidden=\"true\"><\/div>\n<\/form>\n<\/div>\n<\/div><\/div>[\/vc_column][\/vc_row]<\/p>\n","protected":false},"excerpt":{"rendered":"<p>[vc_row][vc_column][\/vc_column][\/vc_row][vc_row css=&#8221;.vc_custom_1497126171788{background-position: center !important;background-repeat: no-repeat !important;background-size: cover !important;}&#8221;][vc_column offset=&#8221;vc_col-lg-8&#8243; css=&#8221;.vc_custom_1516136899580{padding-right: 20px !important;}&#8221;][\/vc_column][vc_column offset=&#8221;vc_col-lg-4&#8243; css=&#8221;.vc_custom_1531391399212{padding-right: 20px !important;padding-left: 20px !important;}&#8221;][\/vc_column][\/vc_row] &#8230; <\/p>\n","protected":false},"author":1,"featured_media":0,"parent":0,"menu_order":0,"comment_status":"closed","ping_status":"closed","template":"","meta":{"footnotes":""},"class_list":["post-1472","page","type-page","status-publish","hentry"],"_links":{"self":[{"href":"https:\/\/salutemosgb.com.tr\/index.php?rest_route=\/wp\/v2\/pages\/1472","targetHints":{"allow":["GET"]}}],"collection":[{"href":"https:\/\/salutemosgb.com.tr\/index.php?rest_route=\/wp\/v2\/pages"}],"about":[{"href":"https:\/\/salutemosgb.com.tr\/index.php?rest_route=\/wp\/v2\/types\/page"}],"author":[{"embeddable":true,"href":"https:\/\/salutemosgb.com.tr\/index.php?rest_route=\/wp\/v2\/users\/1"}],"replies":[{"embeddable":true,"href":"https:\/\/salutemosgb.com.tr\/index.php?rest_route=%2Fwp%2Fv2%2Fcomments&post=1472"}],"version-history":[{"count":2,"href":"https:\/\/salutemosgb.com.tr\/index.php?rest_route=\/wp\/v2\/pages\/1472\/revisions"}],"predecessor-version":[{"id":1475,"href":"https:\/\/salutemosgb.com.tr\/index.php?rest_route=\/wp\/v2\/pages\/1472\/revisions\/1475"}],"wp:attachment":[{"href":"https:\/\/salutemosgb.com.tr\/index.php?rest_route=%2Fwp%2Fv2%2Fmedia&parent=1472"}],"curies":[{"name":"wp","href":"https:\/\/api.w.org\/{rel}","templated":true}]}}