{"id":1477,"date":"2020-03-09T03:10:27","date_gmt":"2020-03-09T00:10:27","guid":{"rendered":"https:\/\/salutemosgb.com.tr\/?page_id=1477"},"modified":"2020-03-09T03:14:54","modified_gmt":"2020-03-09T00:14:54","slug":"teklif-formu","status":"publish","type":"page","link":"https:\/\/salutemosgb.com.tr\/?page_id=1477","title":{"rendered":"Teklif Formu"},"content":{"rendered":"<p>[vc_row][vc_column]<div class=\"cz_gap clr  hide_on_tablet hide_on_mobile\" style=\"height: 70px\"><\/div><div class=\"cz_gap show_on_tablet clr \" style=\"height: 0px\"><\/div>[\/vc_column][\/vc_row][vc_row css=&#8221;.vc_custom_1497126171788{background-position: center !important;background-repeat: no-repeat !important;background-size: cover !important;}&#8221;][vc_column width=&#8221;1\/2&#8243; css=&#8221;.vc_custom_1536986800152{padding-right: 20px !important;}&#8221;]<div id=\"cz_105750\" class=\"cz_105750 cz_title clr cz_smart_fs cz_title_pos_inline\"><div class=\"cz_title_content\"><div class=\"cz_wpe_content\"><h3 style=\"line-height: 1.3;\"><span style=\"font-size: 38px;\">Teklif <span style=\"color: #b61218;\">Formu<\/span><\/span><\/h3>\n<p>&nbsp;<\/p>\n<p><span style=\"color: #aaaaaa;\"><span style=\"font-size: 20px;\">En h\u0131zl\u0131 \u015fekilde teklif alabilmek i\u00e7in l\u00fctfen ileti\u015fim bilgilerinizi yandaki form arac\u0131l\u0131\u011f\u0131yla bize iletin.<\/span><\/span><\/p>\n<p><span style=\"color: #aaaaaa; font-size: 20px;\">Size en k\u0131sa s\u00fcrede konuyla ilgili d\u00f6n\u00fc\u015f yapaca\u011f\u0131z.<\/span><\/p>\n<\/div><\/div><\/div><div class=\"cz_gap clr \" style=\"height: 60px\"><\/div><div id=\"cz_83134\" class=\"cz_83134 cz_social_icons cz_social clr tal\"><a href=\"#\" class=\"cz-facebook\" target=\"_blank\" title=\"Facebook\"><i class=\"fa fa-facebook\"><\/i><\/a><a href=\"#\" class=\"cz-fab instagram\" target=\"_blank\" title=\"Instagram\"><i class=\"fab fa-instagram\"><\/i><\/a><a href=\"#\" class=\"cz-fab linkedin-in\" target=\"_blank\" title=\"LinkedIn\"><i class=\"fab fa-linkedin-in\"><\/i><\/a><a href=\"#\" class=\"cz-fab twitter\" target=\"_blank\" title=\"Twitter\"><i class=\"fab fa-twitter\"><\/i><\/a><\/div>[\/vc_column][vc_column width=&#8221;1\/2&#8243; css=&#8221;.vc_custom_1536986806884{padding-right: 20px !important;padding-left: 20px !important;}&#8221;]<div id=\"cz_60893\" class=\"cz_60893 cz_cf7 clr\"><div>\n<div class=\"wpcf7 no-js\" id=\"wpcf7-f1483-o1\" lang=\"en-US\" dir=\"ltr\" data-wpcf7-id=\"1483\">\n<div class=\"screen-reader-response\"><p role=\"status\" aria-live=\"polite\" aria-atomic=\"true\"><\/p> <ul><\/ul><\/div>\n<form action=\"\/index.php?rest_route=%2Fwp%2Fv2%2Fpages%2F1477#wpcf7-f1483-o1\" method=\"post\" class=\"wpcf7-form init\" aria-label=\"Contact form\" novalidate=\"novalidate\" data-status=\"init\">\n<div style=\"display: none;\">\n<input type=\"hidden\" name=\"_wpcf7\" value=\"1483\" \/>\n<input type=\"hidden\" name=\"_wpcf7_version\" value=\"6.0.6\" \/>\n<input type=\"hidden\" name=\"_wpcf7_locale\" value=\"en_US\" \/>\n<input type=\"hidden\" name=\"_wpcf7_unit_tag\" value=\"wpcf7-f1483-o1\" \/>\n<input type=\"hidden\" name=\"_wpcf7_container_post\" value=\"0\" \/>\n<input type=\"hidden\" name=\"_wpcf7_posted_data_hash\" value=\"\" \/>\n<\/div>\n<p><span class=\"wpcf7-form-control-wrap\" data-name=\"your-name\"><input size=\"40\" maxlength=\"400\" class=\"wpcf7-form-control wpcf7-text wpcf7-validates-as-required\" aria-required=\"true\" aria-invalid=\"false\" placeholder=\"Ad\u0131n\u0131z (*)\" value=\"\" type=\"text\" name=\"your-name\" \/><\/span>\n<\/p>\n<p><span class=\"wpcf7-form-control-wrap\" data-name=\"your-email\"><input size=\"40\" maxlength=\"400\" class=\"wpcf7-form-control wpcf7-email wpcf7-validates-as-required wpcf7-text wpcf7-validates-as-email\" aria-required=\"true\" aria-invalid=\"false\" placeholder=\"Telefon Numaran\u0131z (*)\" value=\"\" type=\"email\" name=\"your-email\" \/><\/span>\n<\/p>\n<p><span class=\"wpcf7-form-control-wrap\" data-name=\"your-subject\"><input size=\"40\" maxlength=\"400\" class=\"wpcf7-form-control wpcf7-text\" aria-invalid=\"false\" placeholder=\"Konu\" value=\"\" type=\"text\" name=\"your-subject\" \/><\/span>\n<\/p>\n<p><span class=\"wpcf7-form-control-wrap\" data-name=\"your-message\"><textarea cols=\"40\" rows=\"10\" maxlength=\"2000\" class=\"wpcf7-form-control wpcf7-textarea\" aria-invalid=\"false\" placeholder=\"Mesaj\u0131n\u0131z\" name=\"your-message\"><\/textarea><\/span>\n<\/p>\n<p><input class=\"wpcf7-form-control wpcf7-submit has-spinner\" type=\"submit\" value=\"Teklif \u0130ste\" \/>\n<\/p><div class=\"wpcf7-response-output\" aria-hidden=\"true\"><\/div>\n<\/form>\n<\/div>\n<\/div><\/div><div class=\"cz_gap clr  hide_on_mobile\" style=\"height: 0px\"><\/div><div class=\"cz_gap show_on_mobile clr\" style=\"height: 50px\"><\/div>[\/vc_column][\/vc_row][vc_row][vc_column][vc_separator]<div class=\"cz_gap clr  hide_on_tablet hide_on_mobile\" style=\"height: 30px\"><\/div><div class=\"cz_gap show_on_tablet clr \" style=\"height: 0px\"><\/div>[\/vc_column][\/vc_row][vc_row full_width=&#8221;stretch_row_content&#8221; css=&#8221;.vc_custom_1583712735589{background-color: #b61218 !important;}&#8221;][vc_column]<div class=\"cz_gap clr  hide_on_tablet hide_on_mobile\" style=\"height: 70px\"><\/div><div class=\"cz_gap show_on_tablet clr \" style=\"height: 0px\"><\/div>[\/vc_column][\/vc_row][vc_row full_width=&#8221;stretch_row&#8221; css=&#8221;.vc_custom_1581648561438{background-color: #b61218 !important;}&#8221;][vc_column offset=&#8221;vc_col-md-4&#8243;]<div id=\"cz_39189\" class=\"cz_39189 services clr style1 cz_sbi_fx_9 left\"><div class=\"service_custom\"><i class=\"fa czico-123-call\"><\/i><\/div><div class=\"service_text\"><h3>Telefon<\/h3><div class=\"cz_wpe_content\"><span style=\"font-size: 18px; color: #aaaaaa;\">+90 232 436 44 11<\/span><\/div><\/div><\/div>[\/vc_column][vc_column offset=&#8221;vc_col-md-4&#8243;]<div id=\"cz_13164\" class=\"cz_13164 services clr style1 cz_sbi_fx_9 left\"><div class=\"service_custom\"><i class=\"fa czico-010-support\"><\/i><\/div><div class=\"service_text\"><h3>E-Posta<\/h3><div class=\"cz_wpe_content\"><span style=\"font-size: 18px; color: #aaaaaa;\">info@salutem.com<\/span><\/div><\/div><\/div>[\/vc_column][vc_column offset=&#8221;vc_col-md-4&#8243;]<div id=\"cz_103401\" class=\"cz_103401 services clr style1 cz_sbi_fx_9 left\"><div class=\"service_custom\"><i class=\"fa czico-083-placeholder-1\"><\/i><\/div><div class=\"service_text\"><h3>Adres<\/h3><div class=\"cz_wpe_content\"><span style=\"font-size: 18px; color: #aaaaaa;\">Ayd\u0131nlar Cd. Egemenlik Mh. No:5\/Z1 Bornova &#8211; \u0130ZM\u0130R<\/span><\/div><\/div><\/div>[\/vc_column][\/vc_row]<\/p>\n","protected":false},"excerpt":{"rendered":"<p>[vc_row][vc_column][\/vc_column][\/vc_row][vc_row css=&#8221;.vc_custom_1497126171788{background-position: center !important;background-repeat: no-repeat !important;background-size: cover !important;}&#8221;][vc_column width=&#8221;1\/2&#8243; css=&#8221;.vc_custom_1536986800152{padding-right: 20px !important;}&#8221;][\/vc_column][vc_column width=&#8221;1\/2&#8243; css=&#8221;.vc_custom_1536986806884{padding-right: 20px !important;padding-left: 20px !important;}&#8221;][\/vc_column][\/vc_row][vc_row][vc_column][vc_separator][\/vc_column][\/vc_row][vc_row full_width=&#8221;stretch_row_content&#8221; css=&#8221;.vc_custom_1583712735589{background-color: &#8230; <\/p>\n","protected":false},"author":1,"featured_media":0,"parent":0,"menu_order":0,"comment_status":"closed","ping_status":"closed","template":"","meta":{"footnotes":""},"class_list":["post-1477","page","type-page","status-publish","hentry"],"_links":{"self":[{"href":"https:\/\/salutemosgb.com.tr\/index.php?rest_route=\/wp\/v2\/pages\/1477","targetHints":{"allow":["GET"]}}],"collection":[{"href":"https:\/\/salutemosgb.com.tr\/index.php?rest_route=\/wp\/v2\/pages"}],"about":[{"href":"https:\/\/salutemosgb.com.tr\/index.php?rest_route=\/wp\/v2\/types\/page"}],"author":[{"embeddable":true,"href":"https:\/\/salutemosgb.com.tr\/index.php?rest_route=\/wp\/v2\/users\/1"}],"replies":[{"embeddable":true,"href":"https:\/\/salutemosgb.com.tr\/index.php?rest_route=%2Fwp%2Fv2%2Fcomments&post=1477"}],"version-history":[{"count":6,"href":"https:\/\/salutemosgb.com.tr\/index.php?rest_route=\/wp\/v2\/pages\/1477\/revisions"}],"predecessor-version":[{"id":1484,"href":"https:\/\/salutemosgb.com.tr\/index.php?rest_route=\/wp\/v2\/pages\/1477\/revisions\/1484"}],"wp:attachment":[{"href":"https:\/\/salutemosgb.com.tr\/index.php?rest_route=%2Fwp%2Fv2%2Fmedia&parent=1477"}],"curies":[{"name":"wp","href":"https:\/\/api.w.org\/{rel}","templated":true}]}}